{"id":2347,"date":"2022-12-13T15:10:28","date_gmt":"2022-12-13T14:10:28","guid":{"rendered":"https:\/\/marezige.click.si\/?page_id=2347"},"modified":"2023-03-27T13:55:31","modified_gmt":"2023-03-27T11:55:31","slug":"prijavi-se-na-izlet","status":"publish","type":"page","link":"https:\/\/marezige.si\/en\/vinski-avtobus\/prijavi-se-na-izlet\/","title":{"rendered":"Sign Up for an excursion"},"content":{"rendered":"<div data-elementor-type=\"wp-page\" data-elementor-id=\"2347\" class=\"elementor elementor-2347\" data-elementor-post-type=\"page\">\n\t\t\t\t\t\t<section class=\"elementor-section elementor-top-section elementor-element elementor-element-1c8a405b elementor-section-boxed elementor-section-height-default elementor-section-height-default\" data-id=\"1c8a405b\" data-element_type=\"section\">\n\t\t\t\t\t\t<div class=\"elementor-container elementor-column-gap-default\">\n\t\t\t\t\t<div class=\"elementor-column elementor-col-100 elementor-top-column elementor-element elementor-element-443c8cee\" data-id=\"443c8cee\" data-element_type=\"column\">\n\t\t\t<div class=\"elementor-widget-wrap elementor-element-populated\">\n\t\t\t\t\t\t<div class=\"elementor-element elementor-element-e5bb01e elementor-widget elementor-widget-heading\" data-id=\"e5bb01e\" data-element_type=\"widget\" data-widget_type=\"heading.default\">\n\t\t\t\t<div class=\"elementor-widget-container\">\n\t\t\t<style>\/*! elementor - v3.21.0 - 08-05-2024 *\/\n.elementor-heading-title{padding:0;margin:0;line-height:1}.elementor-widget-heading .elementor-heading-title[class*=elementor-size-]>a{color:inherit;font-size:inherit;line-height:inherit}.elementor-widget-heading .elementor-heading-title.elementor-size-small{font-size:15px}.elementor-widget-heading .elementor-heading-title.elementor-size-medium{font-size:19px}.elementor-widget-heading .elementor-heading-title.elementor-size-large{font-size:29px}.elementor-widget-heading .elementor-heading-title.elementor-size-xl{font-size:39px}.elementor-widget-heading .elementor-heading-title.elementor-size-xxl{font-size:59px}<\/style><h1 class=\"elementor-heading-title elementor-size-default\">Sign Up for an excursion<\/h1>\t\t<\/div>\n\t\t\t\t<\/div>\n\t\t\t\t<div class=\"elementor-element elementor-element-d97ad3b elementor-widget elementor-widget-text-editor\" data-id=\"d97ad3b\" data-element_type=\"widget\" data-widget_type=\"text-editor.default\">\n\t\t\t\t<div class=\"elementor-widget-container\">\n\t\t\t<style>\/*! elementor - v3.21.0 - 08-05-2024 *\/\n.elementor-widget-text-editor.elementor-drop-cap-view-stacked .elementor-drop-cap{background-color:#69727d;color:#fff}.elementor-widget-text-editor.elementor-drop-cap-view-framed .elementor-drop-cap{color:#69727d;border:3px solid;background-color:transparent}.elementor-widget-text-editor:not(.elementor-drop-cap-view-default) .elementor-drop-cap{margin-top:8px}.elementor-widget-text-editor:not(.elementor-drop-cap-view-default) .elementor-drop-cap-letter{width:1em;height:1em}.elementor-widget-text-editor .elementor-drop-cap{float:left;text-align:center;line-height:1;font-size:50px}.elementor-widget-text-editor .elementor-drop-cap-letter{display:inline-block}<\/style>\t\t\t\t<p>Below you can find upcoming excursions with the wine bus. <br \/>Check which one suits you best and hurry with booking a spot, as they fill up quickly.<\/p>\t\t\t\t\t\t<\/div>\n\t\t\t\t<\/div>\n\t\t\t\t<div class=\"elementor-element elementor-element-1b523276 elementor-widget elementor-widget-text-editor\" data-id=\"1b523276\" data-element_type=\"widget\" data-widget_type=\"text-editor.default\">\n\t\t\t\t<div class=\"elementor-widget-container\">\n\t\t\t\t\t\t\t<p>Different stops, different dates, but the same authentic Istrian experience!<\/p>\t\t\t\t\t\t<\/div>\n\t\t\t\t<\/div>\n\t\t\t\t<div class=\"elementor-element elementor-element-2ea65d22 elementor-widget elementor-widget-html\" data-id=\"2ea65d22\" data-element_type=\"widget\" data-widget_type=\"html.default\">\n\t\t\t\t<div class=\"elementor-widget-container\">\n\t\t\t<svg style=\"visibility: hidden; position: absolute;\" width=\"0\" height=\"0\" xmlns=\"http:\/\/www.w3.org\/2000\/svg\" version=\"1.1\">\n    <defs>\n        <filter id=\"goo\"><fegaussianblur in=\"SourceGraphic\" stddeviation=\"10\" result=\"blur\" \/>    \n            <fecolormatrix in=\"blur\" mode=\"matrix\" values=\"1 0 0 0 0  0 1 0 0 0  0 0 1 0 0  0 0 0 19 -9\" result=\"goo\" \/>\n            <fecomposite in=\"SourceGraphic\" in2=\"goo\" operator=\"atop\"\/>\n        <\/filter>\n    <\/defs>\n<\/svg>\t\t<\/div>\n\t\t\t\t<\/div>\n\t\t\t\t<div class=\"elementor-element elementor-element-3689d95a elementor-hidden-desktop elementor-hidden-tablet elementor-hidden-mobile elementor-widget elementor-widget-text-editor\" data-id=\"3689d95a\" data-element_type=\"widget\" data-widget_type=\"text-editor.default\">\n\t\t\t\t<div class=\"elementor-widget-container\">\n\t\t\t\t\t\t\t\t\t<div class=\"wt-grid-shortcode wt-tourlist wt-grid-column-1\" id=\"grid-6853\">\r\n        \t<div class=\"ct-grid\">\r\n        \t<div class=\"grid-container\">\r\n\t\t\t<div class=\"item-post-n\">\n\t<h3><a href=\"https:\/\/marezige.si\/en\/trgovina\/izleti\/vino-inu-olje\/\" class=\"link-more\">Vinu inu Olje <i aria-hidden=\"true\" class=\"fas fa-star\"><\/i><\/a><\/h3>\n    <figure class=\"ex-modern-blog\">\n\t\t<div class=\"image\">\n\t\t\t<a href=\"https:\/\/marezige.si\/en\/trgovina\/izleti\/vino-inu-olje\/\" class=\"link-more\">\n\t\t\t\t<img fetchpriority=\"high\" decoding=\"async\" width=\"460\" height=\"307\" src=\"https:\/\/marezige.si\/wp-content\/uploads\/2022\/12\/vino-inu-olje-460x307.jpg\" class=\"attachment-wethumb_460x307 size-wethumb_460x307 wp-post-image\" alt=\"\" srcset=\"https:\/\/marezige.si\/wp-content\/uploads\/2022\/12\/vino-inu-olje-460x307.jpg 460w, https:\/\/marezige.si\/wp-content\/uploads\/2022\/12\/vino-inu-olje-300x200.jpg 300w, https:\/\/marezige.si\/wp-content\/uploads\/2022\/12\/vino-inu-olje-1024x682.jpg 1024w, https:\/\/marezige.si\/wp-content\/uploads\/2022\/12\/vino-inu-olje-768x512.jpg 768w, https:\/\/marezige.si\/wp-content\/uploads\/2022\/12\/vino-inu-olje-18x12.jpg 18w, https:\/\/marezige.si\/wp-content\/uploads\/2022\/12\/vino-inu-olje-1320x880.jpg 1320w, https:\/\/marezige.si\/wp-content\/uploads\/2022\/12\/vino-inu-olje-600x400.jpg 600w, https:\/\/marezige.si\/wp-content\/uploads\/2022\/12\/vino-inu-olje.jpg 1400w\" sizes=\"(max-width: 460px) 100vw, 460px\" \/>            <\/a>\n            <div class=\"wt-location-arr\"><i class=\"fa fa-map-marker\"><\/i>Capodistria<span>, <\/span>Marezige<\/div><div class=\"woocommerce-wt-onsale woocommerce\"><div class=\"eael-star-rating star-rating\"><span style=\"width:0%\" data-no-translation=\"\" data-trp-gettext=\"\">Rated <strong class=\"rating\">0<\/strong> out of 5<\/span><\/div><\/div>\t\t<\/div>\n\t\t<div class=\"grid-content\">\n\t\t\t<figcaption>\n\t\t\t\t<div class=\"wt-more-meta\">\n\t\t\t\t\r\n\t\t\t<span>\r\n\t\t\t\t<i class=\"fa fa-clock-o\" aria-hidden=\"true\"><\/i>\r\n\t\t\t\t6 ur\r\n\t\t\t<\/span>\r\n\t\t\t<span>\r\n\t\t\t\t<i class=\"fa fa-paper-plane\" aria-hidden=\"true\"><\/i>\r\n\t\t\t\tWine fountain - Lisjak oil mill - Vinakoper winery - Karjola restaurant\r\n\t\t\t<\/span>\t\t\t\t<\/div>\n\t\t\t\t<div class=\"grid-excerpt\"><p>We will start our journey at the Wine Fountain Marezige, where you will receive a tasting package 1. After receiving a glass and tasting tokens, you can use them to taste local wines at the Wine Fountain. [\u2026]<\/p>\n<\/div>\n                \t\t\t<\/figcaption>\n            \t\t<\/div>\n\t<\/figure>\n    <div class=\"wt-ext-info\">\n\t        <div class=\"woo-tour-accompanied\">\n        \t<div class=\"exwt-row\">\n                <div class=\"exwt-col8\">\n                                    <\/div>\n                <div class=\"exwt-col4\">\n                                        <a class=\"exwt-btn we-button\"  href=\"https:\/\/marezige.si\/en\/trgovina\/izleti\/vino-inu-olje\/\">\n                        View Details                    <\/a>\n                                    <\/div>\n            <\/div>\n        <\/div>\n   \t<\/div>\n<\/div>            <\/div>\r\n            <div class=\"clear\"><\/div>\r\n            <\/div>\r\n                    <\/div>\r\n\t\t\t\t\t\t\t\t<\/div>\n\t\t\t\t<\/div>\n\t\t\t\t\t<\/div>\n\t\t<\/div>\n\t\t\t\t\t<\/div>\n\t\t<\/section>\n\t\t\t\t<section class=\"elementor-section elementor-top-section elementor-element elementor-element-ab975fa elementor-section-boxed elementor-section-height-default elementor-section-height-default\" data-id=\"ab975fa\" data-element_type=\"section\">\n\t\t\t\t\t\t<div class=\"elementor-container elementor-column-gap-default\">\n\t\t\t\t\t<div class=\"elementor-column elementor-col-100 elementor-top-column elementor-element elementor-element-3c8b829\" data-id=\"3c8b829\" data-element_type=\"column\">\n\t\t\t<div class=\"elementor-widget-wrap elementor-element-populated\">\n\t\t\t\t\t\t<div class=\"elementor-element elementor-element-9f908a7 elementor-widget elementor-widget-heading\" data-id=\"9f908a7\" data-element_type=\"widget\" data-widget_type=\"heading.default\">\n\t\t\t\t<div class=\"elementor-widget-container\">\n\t\t\t<h1 class=\"elementor-heading-title elementor-size-default\">None of the advertised excursions suit you?<\/h1>\t\t<\/div>\n\t\t\t\t<\/div>\n\t\t\t\t<div class=\"elementor-element elementor-element-cf49e5b elementor-widget__width-auto elementor-widget elementor-widget-html\" data-id=\"cf49e5b\" data-element_type=\"widget\" data-widget_type=\"html.default\">\n\t\t\t\t<div class=\"elementor-widget-container\">\n\t\t\t<div class=\"wrapper-small\">\n    <a class=\"button rumena small\" href=\"https:\/\/marezige.si\/en\/vinski-avtobus\/priljubljeni-izleti\/\"><i aria-hidden=\"true\" class=\"fas fa-star\"><\/i> Popular Tours<\/a>\n    <\/div>\t\t<\/div>\n\t\t\t\t<\/div>\n\t\t\t\t<div class=\"elementor-element elementor-element-dd29c0a elementor-widget__width-auto elementor-widget elementor-widget-html\" data-id=\"dd29c0a\" data-element_type=\"widget\" data-widget_type=\"html.default\">\n\t\t\t\t<div class=\"elementor-widget-container\">\n\t\t\t<div class=\"wrapper-small\">\n    <a class=\"button rumena small\" href=\"https:\/\/marezige.si\/en\/vinski-avtobus\/sestavi-svoj-izlet\/\">Create Your Own Tour<\/a>\n    <\/div>\t\t<\/div>\n\t\t\t\t<\/div>\n\t\t\t\t\t<\/div>\n\t\t<\/div>\n\t\t\t\t\t<\/div>\n\t\t<\/section>\n\t\t\t\t<\/div>","protected":false},"excerpt":{"rendered":"<p>Prijavi se na izlet Ste za pravo istrsko dogodiv\u0161\u010dino? V nadaljevanju zasledite izlete, ki bodo potekali v bli\u017enji prihodnosti. Z enostavnim klikom se lahko na izlet prijavite in do\u017eivite nepozaben [&hellip;]<\/p>","protected":false},"author":1,"featured_media":0,"parent":28,"menu_order":0,"comment_status":"closed","ping_status":"closed","template":"","meta":{"inline_featured_image":false,"footnotes":""},"class_list":["post-2347","page","type-page","status-publish","hentry"],"aioseo_notices":[],"_links":{"self":[{"href":"https:\/\/marezige.si\/en\/wp-json\/wp\/v2\/pages\/2347","targetHints":{"allow":["GET"]}}],"collection":[{"href":"https:\/\/marezige.si\/en\/wp-json\/wp\/v2\/pages"}],"about":[{"href":"https:\/\/marezige.si\/en\/wp-json\/wp\/v2\/types\/page"}],"author":[{"embeddable":true,"href":"https:\/\/marezige.si\/en\/wp-json\/wp\/v2\/users\/1"}],"replies":[{"embeddable":true,"href":"https:\/\/marezige.si\/en\/wp-json\/wp\/v2\/comments?post=2347"}],"version-history":[{"count":67,"href":"https:\/\/marezige.si\/en\/wp-json\/wp\/v2\/pages\/2347\/revisions"}],"predecessor-version":[{"id":3178,"href":"https:\/\/marezige.si\/en\/wp-json\/wp\/v2\/pages\/2347\/revisions\/3178"}],"up":[{"embeddable":true,"href":"https:\/\/marezige.si\/en\/wp-json\/wp\/v2\/pages\/28"}],"wp:attachment":[{"href":"https:\/\/marezige.si\/en\/wp-json\/wp\/v2\/media?parent=2347"}],"curies":[{"name":"wp","href":"https:\/\/api.w.org\/{rel}","templated":true}]}}