{"id":2433,"date":"2022-12-14T11:53:20","date_gmt":"2022-12-14T10:53:20","guid":{"rendered":"https:\/\/marezige.click.si\/?page_id=2433"},"modified":"2023-07-31T12:21:32","modified_gmt":"2023-07-31T10:21:32","slug":"sestavi-svoj-izlet","status":"publish","type":"page","link":"https:\/\/marezige.si\/en\/vinski-avtobus\/sestavi-svoj-izlet\/","title":{"rendered":"Create Your Own Tour"},"content":{"rendered":"<div data-elementor-type=\"wp-page\" data-elementor-id=\"2433\" class=\"elementor elementor-2433\" data-elementor-post-type=\"page\">\n\t\t\t\t\t\t<section class=\"elementor-section elementor-top-section elementor-element elementor-element-4c527fd0 elementor-section-boxed elementor-section-height-default elementor-section-height-default\" data-id=\"4c527fd0\" data-element_type=\"section\">\n\t\t\t\t\t\t<div class=\"elementor-container elementor-column-gap-default\">\n\t\t\t\t\t<div class=\"elementor-column elementor-col-100 elementor-top-column elementor-element elementor-element-578f640e\" data-id=\"578f640e\" data-element_type=\"column\">\n\t\t\t<div class=\"elementor-widget-wrap elementor-element-populated\">\n\t\t\t\t\t\t<div class=\"elementor-element elementor-element-2067c6ca elementor-widget elementor-widget-heading\" data-id=\"2067c6ca\" data-element_type=\"widget\" data-widget_type=\"heading.default\">\n\t\t\t\t<div class=\"elementor-widget-container\">\n\t\t\t<style>\/*! elementor - v3.21.0 - 08-05-2024 *\/\n.elementor-heading-title{padding:0;margin:0;line-height:1}.elementor-widget-heading .elementor-heading-title[class*=elementor-size-]>a{color:inherit;font-size:inherit;line-height:inherit}.elementor-widget-heading .elementor-heading-title.elementor-size-small{font-size:15px}.elementor-widget-heading .elementor-heading-title.elementor-size-medium{font-size:19px}.elementor-widget-heading .elementor-heading-title.elementor-size-large{font-size:29px}.elementor-widget-heading .elementor-heading-title.elementor-size-xl{font-size:39px}.elementor-widget-heading .elementor-heading-title.elementor-size-xxl{font-size:59px}<\/style><h1 class=\"elementor-heading-title elementor-size-default\">Create your own trip<\/h1>\t\t<\/div>\n\t\t\t\t<\/div>\n\t\t\t\t<div class=\"elementor-element elementor-element-6f1855df elementor-widget elementor-widget-text-editor\" data-id=\"6f1855df\" data-element_type=\"widget\" data-widget_type=\"text-editor.default\">\n\t\t\t\t<div class=\"elementor-widget-container\">\n\t\t\t<style>\/*! elementor - v3.21.0 - 08-05-2024 *\/\n.elementor-widget-text-editor.elementor-drop-cap-view-stacked .elementor-drop-cap{background-color:#69727d;color:#fff}.elementor-widget-text-editor.elementor-drop-cap-view-framed .elementor-drop-cap{color:#69727d;border:3px solid;background-color:transparent}.elementor-widget-text-editor:not(.elementor-drop-cap-view-default) .elementor-drop-cap{margin-top:8px}.elementor-widget-text-editor:not(.elementor-drop-cap-view-default) .elementor-drop-cap-letter{width:1em;height:1em}.elementor-widget-text-editor .elementor-drop-cap{float:left;text-align:center;line-height:1;font-size:50px}.elementor-widget-text-editor .elementor-drop-cap-letter{display:inline-block}<\/style>\t\t\t\t<p>Enter your details, choose your trip and add desired stops (you can choose up to 5).<\/p>\t\t\t\t\t\t<\/div>\n\t\t\t\t<\/div>\n\t\t\t\t<div class=\"elementor-element elementor-element-1ecb8be eael-wpforms-labels-yes eael-wpforms-form-button-custom elementor-widget elementor-widget-eael-wpforms\" data-id=\"1ecb8be\" data-element_type=\"widget\" data-widget_type=\"eael-wpforms.default\">\n\t\t\t\t<div class=\"elementor-widget-container\">\n\t\t\t            <div class=\"eael-contact-form eael-wpforms eael-custom-radio-checkbox eael-contact-form-align-default\">\n                                <div class=\"wpforms-container wpforms-container-full\" id=\"wpforms-575\"><form id=\"wpforms-form-575\" class=\"wpforms-validate wpforms-form wpforms-ajax-form\" data-formid=\"575\" method=\"post\" enctype=\"multipart\/form-data\" action=\"\/en\/wp-json\/wp\/v2\/pages\/2433\" data-token=\"c19fc6597917e712f12946eb1e6caa40\" data-token-time=\"1777469602\" data-trp-original-action=\"\/en\/wp-json\/wp\/v2\/pages\/2433\"><div class=\"wpforms-head-container\"><\/div><noscript class=\"wpforms-error-noscript\">Please enable JavaScript in your browser to complete this form.<\/noscript><div class=\"wpforms-field-container\"><div id=\"wpforms-575-field_0-container\" class=\"wpforms-field wpforms-field-name\" data-field-id=\"0\"><label class=\"wpforms-field-label wpforms-label-hide\" for=\"wpforms-575-field_0\">Ime in priimek <span class=\"wpforms-required-label\">*<\/span><\/label><input type=\"text\" id=\"wpforms-575-field_0\" class=\"wpforms-field-medium wpforms-field-required\" name=\"wpforms[fields][0]\" placeholder=\"Name and surname*\" required><\/div><div id=\"wpforms-575-field_1-container\" class=\"wpforms-field wpforms-field-email\" data-field-id=\"1\"><label class=\"wpforms-field-label wpforms-label-hide\" for=\"wpforms-575-field_1\">Email <span class=\"wpforms-required-label\">*<\/span><\/label><input type=\"email\" id=\"wpforms-575-field_1\" class=\"wpforms-field-medium wpforms-field-required\" name=\"wpforms[fields][1]\" placeholder=\"E-mail address*\" spellcheck=\"false\" required><\/div><div id=\"wpforms-575-field_3-container\" class=\"wpforms-field wpforms-field-text\" data-field-id=\"3\"><label class=\"wpforms-field-label wpforms-label-hide\" for=\"wpforms-575-field_3\">Phone number <span class=\"wpforms-required-label\">*<\/span><\/label><input type=\"text\" id=\"wpforms-575-field_3\" class=\"wpforms-field-medium wpforms-field-required\" name=\"wpforms[fields][3]\" placeholder=\"Phone number*\" required><\/div><div id=\"wpforms-575-field_4-container\" class=\"wpforms-field wpforms-field-text walwpf-datepicker\" data-field-id=\"4\"><label class=\"wpforms-field-label wpforms-label-hide\" for=\"wpforms-575-field_4\">Datum obiska <span class=\"wpforms-required-label\">*<\/span><\/label><input type=\"text\" id=\"wpforms-575-field_4\" class=\"wpforms-field-medium wpforms-field-required\" name=\"wpforms[fields][4]\" placeholder=\"Datum obiska*\" required><\/div><div id=\"wpforms-575-field_6-container\" class=\"wpforms-field wpforms-field-number-slider\" data-field-id=\"6\"><label class=\"wpforms-field-label\" for=\"wpforms-575-field_6\">Number of people<\/label>\n<input\n\ttype=\"range\"\n\tid=\"wpforms-575-field_6\" class=\"wpforms-field-medium\" name=\"wpforms[fields][6]\" value=\"7\"\t\tmin=\"7\"\n\tmax=\"44\"\n\tstep=\"1\">\n\n<div class=\"wpforms-field-number-slider-hint\"\n\tdata-hint=\"\u0160tevilo oseb: {value}\">\n\tNumber of people: <b>7<\/b><\/div>\n<\/div><div id=\"wpforms-575-field_2-container\" class=\"wpforms-field wpforms-field-textarea\" data-field-id=\"2\"><label class=\"wpforms-field-label wpforms-label-hide\" for=\"wpforms-575-field_2\">Sporo\u010dilo<\/label><textarea id=\"wpforms-575-field_2\" class=\"wpforms-field-medium\" name=\"wpforms[fields][2]\" placeholder=\"Special requests (optional)\" ><\/textarea><\/div><div id=\"wpforms-575-field_10-container\" class=\"wpforms-field wpforms-field-checkbox wpforms-list-inline\" data-field-id=\"10\"><label class=\"wpforms-field-label\" for=\"wpforms-575-field_10\">Popular (you can select up to 1 choice):<\/label><ul id=\"wpforms-575-field_10\" class=\"wpforms-image-choices wpforms-image-choices-modern\" data-choice-limit=\"1\"><li class=\"choice-1 depth-1 wpforms-image-choices-item\"><label class=\"wpforms-field-label-inline\" for=\"wpforms-575-field_10_1\" tabindex=\"0\"><span class=\"wpforms-image-choices-image\"><img decoding=\"async\" src=\"https:\/\/marezige.si\/wp-content\/uploads\/2023\/02\/sestavi-svoj-izlet-vinska-fontana.jpg\" alt=\"Degustacija na Vinski fontani\" title=\"Wine Fountain Marezige - Wine tasting\"><\/span><input type=\"checkbox\" id=\"wpforms-575-field_10_1\" class=\"wpforms-screen-reader-element\" data-rule-check-limit=\"true\" name=\"wpforms[fields][10][]\" value=\"Degustacija na Vinski fontani\" tabindex=\"-1\"  ><span class=\"wpforms-image-choices-label\">Wine Fountain Marezige - Wine tasting<\/span><\/label><\/li><li class=\"choice-2 depth-1 wpforms-image-choices-item\"><label class=\"wpforms-field-label-inline\" for=\"wpforms-575-field_10_2\" tabindex=\"0\"><span class=\"wpforms-image-choices-image\"><img decoding=\"async\" src=\"https:\/\/marezige.si\/wp-content\/uploads\/2023\/02\/sestavi-svoj-izlet-vinakoper.jpg\" alt=\"Degustacija v vinski kleti Vinakoper\" title=\"Vinakoper - Wine tasting\"><\/span><input type=\"checkbox\" id=\"wpforms-575-field_10_2\" class=\"wpforms-screen-reader-element\" data-rule-check-limit=\"true\" name=\"wpforms[fields][10][]\" value=\"Degustacija v vinski kleti Vinakoper\" tabindex=\"-1\"  ><span class=\"wpforms-image-choices-label\">Vinakoper - Wine tasting<\/span><\/label><\/li><li class=\"choice-3 depth-1 wpforms-image-choices-item\"><label class=\"wpforms-field-label-inline\" for=\"wpforms-575-field_10_3\" tabindex=\"0\"><span class=\"wpforms-image-choices-image\"><img decoding=\"async\" src=\"https:\/\/marezige.si\/wp-content\/uploads\/2022\/12\/oljarna-lisjak.jpg\" alt=\"Degustacija olj\u010dnega olja Lisjak\" title=\"Lisjak Olive Mill - Olive oil tasting\"><\/span><input type=\"checkbox\" id=\"wpforms-575-field_10_3\" class=\"wpforms-screen-reader-element\" data-rule-check-limit=\"true\" name=\"wpforms[fields][10][]\" value=\"Degustacija olj\u010dnega olja Lisjak\" tabindex=\"-1\"  ><span class=\"wpforms-image-choices-label\">Lisjak Olive Mill - Olive oil tasting<\/span><\/label><\/li><li class=\"choice-4 depth-1 wpforms-image-choices-item\"><label class=\"wpforms-field-label-inline\" for=\"wpforms-575-field_10_4\" tabindex=\"0\"><span class=\"wpforms-image-choices-image\"><img decoding=\"async\" src=\"https:\/\/marezige.si\/wp-content\/uploads\/2023\/02\/sestavi-svoj-izlet-krajola.jpg\" alt=\"Istrsko kosilo\/ve\u010derja v gostilni Karjola\" title=\"Karjola Restaurant - Lunch\/dinner\"><\/span><input type=\"checkbox\" id=\"wpforms-575-field_10_4\" class=\"wpforms-screen-reader-element\" data-rule-check-limit=\"true\" name=\"wpforms[fields][10][]\" value=\"Istrsko kosilo\/ve\u010derja v gostilni Karjola\" tabindex=\"-1\"  ><span class=\"wpforms-image-choices-label\">Karjola Restaurant - Lunch\/dinner<\/span><\/label><\/li><\/ul><\/div><div id=\"wpforms-575-field_12-container\" class=\"wpforms-field wpforms-field-checkbox wpforms-list-inline\" data-field-id=\"12\"><label class=\"wpforms-field-label\" for=\"wpforms-575-field_12\">Wine cellars (you can select up to 1 choice):<\/label><ul id=\"wpforms-575-field_12\" class=\"wpforms-image-choices wpforms-image-choices-modern\" data-choice-limit=\"1\"><li class=\"choice-1 depth-1 wpforms-image-choices-item\"><label class=\"wpforms-field-label-inline\" for=\"wpforms-575-field_12_1\" tabindex=\"0\"><span class=\"wpforms-image-choices-image\"><img decoding=\"async\" src=\"https:\/\/marezige.si\/wp-content\/uploads\/2023\/02\/sestavi-svoj-izlet-vinska-fontana.jpg\" alt=\"Degustacija na Vinski fontani\" title=\"Wine Fountain Marezige - Wine tasting\"><\/span><input type=\"checkbox\" id=\"wpforms-575-field_12_1\" class=\"wpforms-screen-reader-element\" data-rule-check-limit=\"true\" name=\"wpforms[fields][12][]\" value=\"Degustacija na Vinski fontani\" tabindex=\"-1\"  ><span class=\"wpforms-image-choices-label\">Wine Fountain Marezige - Wine tasting<\/span><\/label><\/li><li class=\"choice-2 depth-1 wpforms-image-choices-item\"><label class=\"wpforms-field-label-inline\" for=\"wpforms-575-field_12_2\" tabindex=\"0\"><span class=\"wpforms-image-choices-image\"><img decoding=\"async\" src=\"https:\/\/marezige.si\/wp-content\/uploads\/2023\/02\/sestavi-svoj-izlet-vinakoper.jpg\" alt=\"Degustacija v vinski kleti Vinakoper\" title=\"Vinakoper - Wine tasting\"><\/span><input type=\"checkbox\" id=\"wpforms-575-field_12_2\" class=\"wpforms-screen-reader-element\" data-rule-check-limit=\"true\" name=\"wpforms[fields][12][]\" value=\"Degustacija v vinski kleti Vinakoper\" tabindex=\"-1\"  ><span class=\"wpforms-image-choices-label\">Vinakoper - Wine tasting<\/span><\/label><\/li><li class=\"choice-3 depth-1 wpforms-image-choices-item\"><label class=\"wpforms-field-label-inline\" for=\"wpforms-575-field_12_3\" tabindex=\"0\"><span class=\"wpforms-image-choices-image\"><img decoding=\"async\" src=\"https:\/\/marezige.si\/wp-content\/uploads\/2023\/02\/sestavi-svoj-izlet-plahuta.jpg\" alt=\"Ekolo\u0161ka kmetija Plahuta\" title=\"Organic farm Plahuta\"><\/span><input type=\"checkbox\" id=\"wpforms-575-field_12_3\" class=\"wpforms-screen-reader-element\" data-rule-check-limit=\"true\" name=\"wpforms[fields][12][]\" value=\"Ekolo\u0161ka kmetija Plahuta\" tabindex=\"-1\"  ><span class=\"wpforms-image-choices-label\">Organic farm Plahuta<\/span><\/label><\/li><li class=\"choice-4 depth-1 wpforms-image-choices-item\"><label class=\"wpforms-field-label-inline\" for=\"wpforms-575-field_12_4\" tabindex=\"0\"><span class=\"wpforms-image-choices-image\"><img decoding=\"async\" src=\"https:\/\/marezige.si\/wp-content\/uploads\/2023\/02\/sestavi-svoj-izlet-brzan.jpg\" alt=\"Vinska klet Vilij Br\u017ean\" title=\"Wine cellar Vilij Br\u017ean\"><\/span><input type=\"checkbox\" id=\"wpforms-575-field_12_4\" class=\"wpforms-screen-reader-element\" data-rule-check-limit=\"true\" name=\"wpforms[fields][12][]\" value=\"Vinska klet Vilij Br\u017ean\" tabindex=\"-1\"  ><span class=\"wpforms-image-choices-label\">Wine cellar Vilij Br\u017ean<\/span><\/label><\/li><li class=\"choice-5 depth-1 wpforms-image-choices-item\"><label class=\"wpforms-field-label-inline\" for=\"wpforms-575-field_12_5\" tabindex=\"0\"><span class=\"wpforms-image-choices-image\"><img decoding=\"async\" src=\"https:\/\/marezige.si\/wp-content\/uploads\/2023\/02\/sestavi-svoj-izlet-rodica.jpg\" alt=\"Vinarstvo Rodica\" title=\"Winemaking Rodica\"><\/span><input type=\"checkbox\" id=\"wpforms-575-field_12_5\" class=\"wpforms-screen-reader-element\" data-rule-check-limit=\"true\" name=\"wpforms[fields][12][]\" value=\"Vinarstvo Rodica\" tabindex=\"-1\"  ><span class=\"wpforms-image-choices-label\">Winemaking Rodica<\/span><\/label><\/li><li class=\"choice-6 depth-1 wpforms-image-choices-item\"><label class=\"wpforms-field-label-inline\" for=\"wpforms-575-field_12_6\" tabindex=\"0\"><span class=\"wpforms-image-choices-image\"><img decoding=\"async\" src=\"https:\/\/marezige.si\/wp-content\/uploads\/2023\/02\/sestavi-svoj-izlet-montis-1.jpg\" alt=\"Ekolo\u0161ka kmetija Montis\" title=\"Organic farm Montis\"><\/span><input type=\"checkbox\" id=\"wpforms-575-field_12_6\" class=\"wpforms-screen-reader-element\" data-rule-check-limit=\"true\" name=\"wpforms[fields][12][]\" value=\"Ekolo\u0161ka kmetija Montis \" tabindex=\"-1\"  ><span class=\"wpforms-image-choices-label\">Organic farm Montis<\/span><\/label><\/li><\/ul><\/div><div id=\"wpforms-575-field_13-container\" class=\"wpforms-field wpforms-field-checkbox wpforms-list-inline\" data-field-id=\"13\"><label class=\"wpforms-field-label\" for=\"wpforms-575-field_13\">Olive mills (you can select up to 1 choice):<\/label><ul id=\"wpforms-575-field_13\" class=\"wpforms-image-choices wpforms-image-choices-modern\" data-choice-limit=\"1\"><li class=\"choice-1 depth-1 wpforms-image-choices-item\"><label class=\"wpforms-field-label-inline\" for=\"wpforms-575-field_13_1\" tabindex=\"0\"><span class=\"wpforms-image-choices-image\"><img decoding=\"async\" src=\"https:\/\/marezige.si\/wp-content\/uploads\/2023\/02\/sestavi-svoj-izlet-fairytale.jpg\" alt=\"Olive oil Red Fairytale\" title=\"Olive oil Red Fairytale\"><\/span><input type=\"checkbox\" id=\"wpforms-575-field_13_1\" class=\"wpforms-screen-reader-element\" data-rule-check-limit=\"true\" name=\"wpforms[fields][13][]\" value=\"Olive oil Red Fairytale \" tabindex=\"-1\"  ><span class=\"wpforms-image-choices-label\">Olive oil Red Fairytale<\/span><\/label><\/li><li class=\"choice-2 depth-1 wpforms-image-choices-item\"><label class=\"wpforms-field-label-inline\" for=\"wpforms-575-field_13_2\" tabindex=\"0\"><span class=\"wpforms-image-choices-image\"><img decoding=\"async\" src=\"https:\/\/marezige.si\/wp-content\/uploads\/2022\/12\/oljarna-lisjak.jpg\" alt=\"Oljarna Lisjak\" title=\"Lisjak Olive Mill\"><\/span><input type=\"checkbox\" id=\"wpforms-575-field_13_2\" class=\"wpforms-screen-reader-element\" data-rule-check-limit=\"true\" name=\"wpforms[fields][13][]\" value=\"Oljarna Lisjak\" tabindex=\"-1\"  ><span class=\"wpforms-image-choices-label\">Lisjak Olive Mill<\/span><\/label><\/li><li class=\"choice-3 depth-1 wpforms-image-choices-item\"><label class=\"wpforms-field-label-inline\" for=\"wpforms-575-field_13_3\" tabindex=\"0\"><span class=\"wpforms-image-choices-image\"><img decoding=\"async\" src=\"https:\/\/marezige.si\/wp-content\/uploads\/2023\/02\/sestavi-svoj-izlet-cercauec.jpg\" alt=\"Oljarna Cercauec\" title=\"Carcauec Olive Mill\"><\/span><input type=\"checkbox\" id=\"wpforms-575-field_13_3\" class=\"wpforms-screen-reader-element\" data-rule-check-limit=\"true\" name=\"wpforms[fields][13][]\" value=\"Oljarna Cercauec\" tabindex=\"-1\"  ><span class=\"wpforms-image-choices-label\">Carcauec Olive Mill<\/span><\/label><\/li><\/ul><\/div><div id=\"wpforms-575-field_14-container\" class=\"wpforms-field wpforms-field-checkbox wpforms-list-inline\" data-field-id=\"14\"><label class=\"wpforms-field-label\" for=\"wpforms-575-field_14\">Other experiences (you can select up to 1 choice):<\/label><ul id=\"wpforms-575-field_14\" class=\"wpforms-image-choices wpforms-image-choices-modern\" data-choice-limit=\"2\"><li class=\"choice-9 depth-1 wpforms-image-choices-item\"><label class=\"wpforms-field-label-inline\" for=\"wpforms-575-field_14_9\" tabindex=\"0\"><span class=\"wpforms-image-choices-image\"><img decoding=\"async\" src=\"https:\/\/marezige.si\/wp-content\/uploads\/2023\/02\/sestavi-svoj-izlet-abitanti-1.jpg\" alt=\"Najstarej\u0161a vas - Abitanti\" title=\"Oldest village - Abitanti\"><\/span><input type=\"checkbox\" id=\"wpforms-575-field_14_9\" class=\"wpforms-screen-reader-element\" data-rule-check-limit=\"true\" name=\"wpforms[fields][14][]\" value=\"Najstarej\u0161a vas - Abitanti \" tabindex=\"-1\"  ><span class=\"wpforms-image-choices-label\">Oldest village - Abitanti<\/span><\/label><\/li><li class=\"choice-1 depth-1 wpforms-image-choices-item\"><label class=\"wpforms-field-label-inline\" for=\"wpforms-575-field_14_1\" tabindex=\"0\"><span class=\"wpforms-image-choices-image\"><img decoding=\"async\" src=\"https:\/\/marezige.si\/wp-content\/uploads\/2023\/02\/sestavi-svoj-izlet-zeliscni-raj-1.jpg\" alt=\"Zeli\u0161\u010dni raj Slovenske Istre\" title=\"Herb paradise\"><\/span><input type=\"checkbox\" id=\"wpforms-575-field_14_1\" class=\"wpforms-screen-reader-element\" data-rule-check-limit=\"true\" name=\"wpforms[fields][14][]\" value=\"Zeli\u0161\u010dni raj Slovenske Istre\" tabindex=\"-1\"  ><span class=\"wpforms-image-choices-label\">Herb paradise<\/span><\/label><\/li><li class=\"choice-2 depth-1 wpforms-image-choices-item\"><label class=\"wpforms-field-label-inline\" for=\"wpforms-575-field_14_2\" tabindex=\"0\"><span class=\"wpforms-image-choices-image\"><img decoding=\"async\" src=\"https:\/\/marezige.si\/wp-content\/uploads\/2023\/02\/sestavi-svoj-izlet-tartufi.jpg\" alt=\"Lov na tartufe\" title=\"Truffle hunting\"><\/span><input type=\"checkbox\" id=\"wpforms-575-field_14_2\" class=\"wpforms-screen-reader-element\" data-rule-check-limit=\"true\" name=\"wpforms[fields][14][]\" value=\"Lov na tartufe\" tabindex=\"-1\"  ><span class=\"wpforms-image-choices-label\">Truffle hunting<\/span><\/label><\/li><li class=\"choice-8 depth-1 wpforms-image-choices-item\"><label class=\"wpforms-field-label-inline\" for=\"wpforms-575-field_14_8\" tabindex=\"0\"><span class=\"wpforms-image-choices-image\"><img decoding=\"async\" src=\"https:\/\/marezige.si\/wp-content\/uploads\/2023\/02\/sestavi-svoj-izlet-tomos-1.jpg\" alt=\"Ogled Tomosovega muzeja\" title=\"Tomos Museum\"><\/span><input type=\"checkbox\" id=\"wpforms-575-field_14_8\" class=\"wpforms-screen-reader-element\" data-rule-check-limit=\"true\" name=\"wpforms[fields][14][]\" value=\"Ogled Tomosovega muzeja\" tabindex=\"-1\"  ><span class=\"wpforms-image-choices-label\">Tomos Museum<\/span><\/label><\/li><li class=\"choice-3 depth-1 wpforms-image-choices-item\"><label class=\"wpforms-field-label-inline\" for=\"wpforms-575-field_14_3\" tabindex=\"0\"><span class=\"wpforms-image-choices-image\"><img decoding=\"async\" src=\"https:\/\/marezige.si\/wp-content\/uploads\/2023\/02\/sestavi-svoj-izlet-luka.jpg\" alt=\"Ogled Luke Koper\" title=\"Port of Koper\"><\/span><input type=\"checkbox\" id=\"wpforms-575-field_14_3\" class=\"wpforms-screen-reader-element\" data-rule-check-limit=\"true\" name=\"wpforms[fields][14][]\" value=\"Ogled Luke Koper\" tabindex=\"-1\"  ><span class=\"wpforms-image-choices-label\">Port of Koper<\/span><\/label><\/li><li class=\"choice-4 depth-1 wpforms-image-choices-item\"><label class=\"wpforms-field-label-inline\" for=\"wpforms-575-field_14_4\" tabindex=\"0\"><span class=\"wpforms-image-choices-image\"><img decoding=\"async\" src=\"https:\/\/marezige.si\/wp-content\/uploads\/2023\/02\/sestavi-svoj-izlet-koper.jpg\" alt=\"Koper - voden ogled\" title=\"Guided tour of Koper\"><\/span><input type=\"checkbox\" id=\"wpforms-575-field_14_4\" class=\"wpforms-screen-reader-element\" data-rule-check-limit=\"true\" name=\"wpforms[fields][14][]\" value=\"Koper - voden ogled\" tabindex=\"-1\"  ><span class=\"wpforms-image-choices-label\">Guided tour of Koper<\/span><\/label><\/li><\/ul><\/div><div id=\"wpforms-575-field_11-container\" class=\"wpforms-field wpforms-field-checkbox\" data-field-id=\"11\"><label class=\"wpforms-field-label\" for=\"wpforms-575-field_11\">Additional:<\/label><ul id=\"wpforms-575-field_11\"><li class=\"choice-1 depth-1\"><input type=\"checkbox\" id=\"wpforms-575-field_11_1\" name=\"wpforms[fields][11][]\" value=\"Najem vodi\u010da\"  ><label class=\"wpforms-field-label-inline\" for=\"wpforms-575-field_11_1\">Guide rental<\/label><\/li><li class=\"choice-2 depth-1\"><input type=\"checkbox\" id=\"wpforms-575-field_11_2\" name=\"wpforms[fields][11][]\" value=\"Ekskluzivnost (izletu se ne morejo priklju\u010diti ostali izletniki)\"  ><label class=\"wpforms-field-label-inline\" for=\"wpforms-575-field_11_2\">Exclusivity (other tourists cannot join the trip)<\/label><\/li><\/ul><\/div><div id=\"wpforms-575-field_8-container\" class=\"wpforms-field wpforms-field-checkbox\" data-field-id=\"8\"><label class=\"wpforms-field-label wpforms-label-hide\" for=\"wpforms-575-field_8\">Soglasje <span class=\"wpforms-required-label\">*<\/span><\/label><ul id=\"wpforms-575-field_8\" class=\"wpforms-field-required\"><li class=\"choice-1 depth-1\"><input type=\"checkbox\" id=\"wpforms-575-field_8_1\" name=\"wpforms[fields][8][]\" value=\"Sogla\u0161am, da se moji podatki hranijo v skladu s smernicami, ki so dolo\u010dene v &lt;a href=&quot;\/politika-zasebnosti&quot;&gt;splo\u0161nih pogojih in varstvu podatkov.&lt;\/a&gt;\" required><label class=\"wpforms-field-label-inline\" for=\"wpforms-575-field_8_1\">I agree that my data will be stored in accordance with the guidelines <a href=\"https:\/\/marezige.si\/en\/politika-zasebnosti\/\">set out in the general terms and conditions and data protection policy.<\/a><\/label><\/li><\/ul><\/div><\/div><!-- .wpforms-field-container --><div class=\"wpforms-recaptcha-container wpforms-is-recaptcha wpforms-is-recaptcha-type-v3\" ><input type=\"hidden\" name=\"wpforms[recaptcha]\" value=\"\"><\/div><div class=\"wpforms-submit-container\" ><input type=\"hidden\" name=\"wpforms[id]\" value=\"575\"><input type=\"hidden\" name=\"page_title\" value=\"\"><input type=\"hidden\" name=\"page_url\" value=\"https:\/\/marezige.si\/en\/wp-json\/wp\/v2\/pages\/2433\"><button type=\"submit\" name=\"wpforms[submit]\" id=\"wpforms-submit-575\" class=\"wpforms-submit\" data-alt-text=\"Po\u0161iljam...\" data-submit-text=\"Povpra\u0161evanje\" aria-live=\"assertive\" value=\"wpforms-submit\">Send inquiry<\/button><img decoding=\"async\" src=\"https:\/\/marezige.si\/wp-content\/plugins\/wpforms-lite\/assets\/images\/submit-spin.svg\" class=\"wpforms-submit-spinner\" style=\"display: none;\" width=\"26\" height=\"26\" alt=\"Loading\"><\/div><input type=\"hidden\" name=\"trp-form-language\" value=\"en\"\/><\/form><\/div>  <!-- .wpforms-container -->            <\/div>\n\t\t<\/div>\n\t\t\t\t<\/div>\n\t\t\t\t\t<\/div>\n\t\t<\/div>\n\t\t\t\t\t<\/div>\n\t\t<\/section>\n\t\t\t\t<\/div>","protected":false},"excerpt":{"rendered":"<p>Sestavi si svoj izlet Vpi\u0161i podatke, izberi svoj izlet in dodaj \u017eelene postojanke (izbere\u0161 jih lahko najve\u010d 5). Please enable JavaScript in your browser to complete this form.Ime in priimek [&hellip;]<\/p>","protected":false},"author":1,"featured_media":0,"parent":28,"menu_order":0,"comment_status":"closed","ping_status":"closed","template":"","meta":{"inline_featured_image":false,"footnotes":""},"class_list":["post-2433","page","type-page","status-publish","hentry"],"aioseo_notices":[],"_links":{"self":[{"href":"https:\/\/marezige.si\/en\/wp-json\/wp\/v2\/pages\/2433","targetHints":{"allow":["GET"]}}],"collection":[{"href":"https:\/\/marezige.si\/en\/wp-json\/wp\/v2\/pages"}],"about":[{"href":"https:\/\/marezige.si\/en\/wp-json\/wp\/v2\/types\/page"}],"author":[{"embeddable":true,"href":"https:\/\/marezige.si\/en\/wp-json\/wp\/v2\/users\/1"}],"replies":[{"embeddable":true,"href":"https:\/\/marezige.si\/en\/wp-json\/wp\/v2\/comments?post=2433"}],"version-history":[{"count":41,"href":"https:\/\/marezige.si\/en\/wp-json\/wp\/v2\/pages\/2433\/revisions"}],"predecessor-version":[{"id":3601,"href":"https:\/\/marezige.si\/en\/wp-json\/wp\/v2\/pages\/2433\/revisions\/3601"}],"up":[{"embeddable":true,"href":"https:\/\/marezige.si\/en\/wp-json\/wp\/v2\/pages\/28"}],"wp:attachment":[{"href":"https:\/\/marezige.si\/en\/wp-json\/wp\/v2\/media?parent=2433"}],"curies":[{"name":"wp","href":"https:\/\/api.w.org\/{rel}","templated":true}]}}