{"id":2697,"date":"2022-12-20T15:39:15","date_gmt":"2022-12-20T14:39:15","guid":{"rendered":"https:\/\/marezige.click.si\/?page_id=2697"},"modified":"2022-12-20T15:40:25","modified_gmt":"2022-12-20T14:40:25","slug":"postopek-nakupa","status":"publish","type":"page","link":"https:\/\/marezige.si\/en\/postopek-nakupa\/","title":{"rendered":"Purchase procedure"},"content":{"rendered":"<div data-elementor-type=\"wp-page\" data-elementor-id=\"2697\" class=\"elementor elementor-2697\" data-elementor-post-type=\"page\">\n\t\t\t\t\t\t<section class=\"elementor-section elementor-top-section elementor-element elementor-element-b2b5128 elementor-section-boxed elementor-section-height-default elementor-section-height-default\" data-id=\"b2b5128\" data-element_type=\"section\">\n\t\t\t\t\t\t<div class=\"elementor-container elementor-column-gap-default\">\n\t\t\t\t\t<div class=\"elementor-column elementor-col-100 elementor-top-column elementor-element elementor-element-544fe3f\" data-id=\"544fe3f\" data-element_type=\"column\">\n\t\t\t<div class=\"elementor-widget-wrap elementor-element-populated\">\n\t\t\t\t\t\t<div class=\"elementor-element elementor-element-254bc9f elementor-widget elementor-widget-text-editor\" data-id=\"254bc9f\" data-element_type=\"widget\" data-widget_type=\"text-editor.default\">\n\t\t\t\t<div class=\"elementor-widget-container\">\n\t\t\t<style>\/*! elementor - v3.21.0 - 08-05-2024 *\/\n.elementor-widget-text-editor.elementor-drop-cap-view-stacked .elementor-drop-cap{background-color:#69727d;color:#fff}.elementor-widget-text-editor.elementor-drop-cap-view-framed .elementor-drop-cap{color:#69727d;border:3px solid;background-color:transparent}.elementor-widget-text-editor:not(.elementor-drop-cap-view-default) .elementor-drop-cap{margin-top:8px}.elementor-widget-text-editor:not(.elementor-drop-cap-view-default) .elementor-drop-cap-letter{width:1em;height:1em}.elementor-widget-text-editor .elementor-drop-cap{float:left;text-align:center;line-height:1;font-size:50px}.elementor-widget-text-editor .elementor-drop-cap-letter{display:inline-block}<\/style>\t\t\t\t<p>Na spletni trgovini lahko obiskovalec poi\u0161\u010de \u017eeleni produkt na ve\u010d na\u010dinov:<\/p><p>\u2013 izdelek lahko poi\u0161\u010de s pomo\u010djo navigacijskega menija. Kazalec mi\u0161ke postavi na \u017eeleno kategorijo v meniju in izbere \u017eeleno podkategorijo;<br \/>\u2013 izdelek lahko poi\u0161\u010de tudi s pomo\u010djo iskalne vrstice. V okence se vpi\u0161e ime ali klju\u010dna beseda \u017eelenega izdelka.<\/p><p>Obiskovalcu se nato odpre podstran z izdelki izbrane podkategorije. Na levi strani zaslona se nahaja filter dolo\u010denih atributov izdelka za la\u017eje iskanje. Mo\u017een je predogled izdelka \u2013 prikazana je slika izdelka (ob pomiku kazalca na sliko se nam prika\u017eejo ikone za hitro dodajanje izdelka v ko\u0161arico, ime izdelka ter cena. Ob kliku na sliko izdelka ali ime se obiskovalcu odpre podstran izdelka , kjer najdemo:<\/p><p>\u2013 slike izdelka (klik na sliko jo pove\u010da). Navedeno je tudi, \u010de je izdelek nov in\/ali izpostavljen ali pa ima popust.<br \/>\u2013 ime izdelka in povezava do rubrike kamor lahko napi\u0161emo mnenje o izdelku.<br \/>\u2013 cena izdelka \u2013 lahko se razlikuje glede na izbrano varianto izdelka<br \/>\u2013 informacija o zalogi izdelka (\u010de izdelka ni na zalogi je mo\u017eno poslati povpra\u0161evanje, s pritiskom na \u00bbPokli\u010dite za ceno\u00ab.)<br \/>\u2013 vse variante izdelka, ki so na voljo<br \/>\u2013 razli\u010dne mo\u017enosti: deljenje izdelka (e-sporo\u010dilo, socialna omre\u017eja), podrobnosti izdelka, mnenja ostalih kupcev.<\/p><p>Na desni strani so okenca kamor se vpi\u0161e \u017eeleno koli\u010dino izdelkov. Izdelek oziroma izdelke doda obiskovalec v ko\u0161arico s klikom na gumb \u00bbdodaj v ko\u0161arico\u00ab na dnu rubrike. Ko obiskovalec doda izdelek v ko\u0161arico se pojavi okno s predogledom ko\u0161arice. Tako lahko obiskovalec, \u010de \u017eeli, nemudoma zaklju\u010di nakup s klikom na \u00bbBlagajna\u00ab. \u010ce obiskovalec izbere opcijo \u00bbPregled ko\u0161arice\u00ab bo preusmerjen na stran, ki vodi do pregleda ko\u0161arice in zaklju\u010dek nakupa. Tam je kupcu omogo\u010deno urejanje ko\u0161arice (spreminjanje koli\u010dine in\/ali morebitna odstranitev izdelkov). Po vsaki spremembi koli\u010din je potrebno pritisniti na gumb \u00bbposodobi nakupovani vozi\u010dek\u00ab. Morebitno kodo za popust vnese obiskovalec v polje namenjeno za to, ter kodo potrdi s pritiskom na \u00bbUporabi popust\u00ab.<\/p><p>\u010ce \u017eeli obiskovalec popolnoma izprazniti ko\u0161arico naj pritisne na \u00bbPo\u010disti nakupovani vozi\u010dek\u00ab, \u010de \u017eeli dodati \u0161e kak\u0161en izdelek izbere \u00bbNadaljuj nakupovanje\u00ab. Na istem mestu se nahaja tudi povezava na zaklju\u010dek naro\u010dila \u2013 \u00bbNadaljujte na pla\u010dilo\u00ab, kjer kupec vnese svoje osebne podatke za naro\u010dilo. Manjkajo\u010de ali napa\u010dne vsebine se prika\u017eejo z rde\u010dim okvirjem in opozorilom za popravek. Na tem mestu se izbere tudi na\u010din dostave.<\/p><p>Klik na gumb \u00bbNaslednja\u00ab pripelje obiskovalca do izbire na\u010dina pla\u010dila:<\/p><ul><li>pla\u010dilo s storitvijo PayPal (klik na moder gumb z napisom \u00bbPay with PayPal\u00ab, pojavi se okno, kamor je potrebno vpisati uporabni\u0161ko ime ter geslo PayPal ra\u010duna);<\/li><li>s pla\u010dilom po povzetju;<\/li><li>z ban\u010dnim nakazilom oz. pla\u010dilo po predra\u010dunu (po zaklju\u010dku naro\u010dila kupec prek elektronske po\u0161te prejme potrditev naro\u010dila ter podatke za pla\u010dilo. Pod sklic kupec vpi\u0161e \u0161tevilko naro\u010dila. Naro\u010dilo je potrebno pla\u010dati najkasneje v treh (3) dneh od prejema elektronske po\u0161te s podatki o pla\u010dilu. V nasprotnem primeru bo podjetje PA3K d.o.o. kup\u010devo naro\u010dilo preklicalo. Rok za pripravo naro\u010dila za\u010dne te\u010di, ko PA3K d.o.o. prejme nakazilo na teko\u010di ra\u010dun.)<\/li><li>pla\u010dilo z neposredno bremenitvijo kreditne kartice (Visa, MasterCard, Maestro, AmericanExpress);<\/li><\/ul><p>Nakupovanje s pla\u010dilnimi karticami na spletni trgovini podjetja PA3K d.o.o. je popolnoma varno. Zagotovljeni so ukrepi, ki so skladni z nacionalno in evropsko zakonodajo, ki ureja pla\u010dilne storitve. Ukrepi so namenjeni zmanj\u0161evanju prevar pri spletnih pla\u010dilih.<\/p><p>Kupec lahko skozi celoten proces zaklju\u010dka naro\u010dila vidi \u00bbpovzetek naro\u010dila\u00ab, kjer so navedeni izdelki v ko\u0161arici ter pripadajo\u010de koli\u010dine, skupna vrednost naro\u010dila, ravno tako mu je omogo\u010deno spreminjanje naslova za dostavo in na\u010dina dostave.<\/p><p>Kupec z gumbom \u00bbOddaj naro\u010dilo\u00ab zaklju\u010di svoje naro\u010dilo. Ko kupec potrdi naro\u010dilo se prika\u017ee obvestilo o uspe\u0161nem zaklju\u010dku nakupa, za tem pa dobi na e-po\u0161tni naslov podrobnosti o naro\u010dilu oz. potrditev prejema naro\u010dila.<\/p><p>Sledi pregled in priprava naro\u010dila s strani podjetja PA3K d.o.o. Kupoprodajna pogodba med PA3K d.o.o. in kupcem je sklenjena, ko kupec prejme elektronsko sporo\u010dilo z obvestilom \u00bbVa\u0161e naro\u010dilo je pripravljeno za po\u0161iljanje\u00ab. Potrjeno naro\u010dilo oz. kupoprodajna pogodba je v elektronski obliki shranjena na stre\u017eniku PA3K d.o.o.. Kupec lahko zaprosi za kopijo pogodbe s po\u0161iljanjem zahtevka po elektronski po\u0161ti na\u00a0<a href=\"mailto:info@marezige.si\">info@marezige.si<\/a>.<\/p><p>Kupca zavezujejo splo\u0161ni pogoji, ki so veljavni v trenutku oddaje spletnega naro\u010dila oziroma nakupa. Kupec z oddajo naro\u010dila potrdi svojo seznanjenost s splo\u0161nimi pogoji.<\/p><p>\u00a0\u00a0\u00a0\u00a0\u00a0\u00a0\u00a0\u00a0\u00a0\u00a0\u00a0\u00a0\u00a0\u00a0\u00a0\u00a0\u00a0\u00a0\u00a0\u00a0\u00a0\u00a0\u00a0\u00a0\u00a0\u00a0\u00a0\u00a0\u00a0\u00a0\u00a0\u00a0\u00a0\u00a0\u00a0\u00a0\u00a0\u00a0\u00a0\u00a0\u00a0\u00a0\u00a0\u00a0\u00a0\u00a0\u00a0\u00a0\u00a0\u00a0\u00a0\u00a0\u00a0\u00a0\u00a0\u00a0\u00a0\u00a0\u00a0\u00a0\u00a0\u00a0\u00a0\u00a0\u00a0\u00a0\u00a0\u00a0\u00a0\u00a0\u00a0\u00a0\u00a0\u00a0\u00a0\u00a0\u00a0\u00a0\u00a0\u00a0\u00a0\u00a0<\/p>\t\t\t\t\t\t<\/div>\n\t\t\t\t<\/div>\n\t\t\t\t\t<\/div>\n\t\t<\/div>\n\t\t\t\t\t<\/div>\n\t\t<\/section>\n\t\t\t\t<\/div>","protected":false},"excerpt":{"rendered":"<p>Na spletni trgovini lahko obiskovalec poi\u0161\u010de \u017eeleni produkt na ve\u010d na\u010dinov: \u2013 izdelek lahko poi\u0161\u010de s pomo\u010djo navigacijskega menija. Kazalec mi\u0161ke postavi na \u017eeleno kategorijo v meniju in izbere \u017eeleno [&hellip;]<\/p>","protected":false},"author":1,"featured_media":0,"parent":0,"menu_order":0,"comment_status":"closed","ping_status":"closed","template":"","meta":{"inline_featured_image":false,"footnotes":""},"class_list":["post-2697","page","type-page","status-publish","hentry"],"aioseo_notices":[],"_links":{"self":[{"href":"https:\/\/marezige.si\/en\/wp-json\/wp\/v2\/pages\/2697","targetHints":{"allow":["GET"]}}],"collection":[{"href":"https:\/\/marezige.si\/en\/wp-json\/wp\/v2\/pages"}],"about":[{"href":"https:\/\/marezige.si\/en\/wp-json\/wp\/v2\/types\/page"}],"author":[{"embeddable":true,"href":"https:\/\/marezige.si\/en\/wp-json\/wp\/v2\/users\/1"}],"replies":[{"embeddable":true,"href":"https:\/\/marezige.si\/en\/wp-json\/wp\/v2\/comments?post=2697"}],"version-history":[{"count":4,"href":"https:\/\/marezige.si\/en\/wp-json\/wp\/v2\/pages\/2697\/revisions"}],"predecessor-version":[{"id":2701,"href":"https:\/\/marezige.si\/en\/wp-json\/wp\/v2\/pages\/2697\/revisions\/2701"}],"wp:attachment":[{"href":"https:\/\/marezige.si\/en\/wp-json\/wp\/v2\/media?parent=2697"}],"curies":[{"name":"wp","href":"https:\/\/api.w.org\/{rel}","templated":true}]}}