{"id":2707,"date":"2022-12-20T15:51:16","date_gmt":"2022-12-20T14:51:16","guid":{"rendered":"https:\/\/marezige.click.si\/?page_id=2707"},"modified":"2022-12-20T15:52:59","modified_gmt":"2022-12-20T14:52:59","slug":"vracilo","status":"publish","type":"page","link":"https:\/\/marezige.si\/en\/vracilo\/","title":{"rendered":"Return of products"},"content":{"rendered":"<div data-elementor-type=\"wp-page\" data-elementor-id=\"2707\" class=\"elementor elementor-2707\" data-elementor-post-type=\"page\">\n\t\t\t\t\t\t<section class=\"elementor-section elementor-top-section elementor-element elementor-element-b1efc8d elementor-section-boxed elementor-section-height-default elementor-section-height-default\" data-id=\"b1efc8d\" data-element_type=\"section\">\n\t\t\t\t\t\t<div class=\"elementor-container elementor-column-gap-default\">\n\t\t\t\t\t<div class=\"elementor-column elementor-col-100 elementor-top-column elementor-element elementor-element-80c69fa\" data-id=\"80c69fa\" data-element_type=\"column\">\n\t\t\t<div class=\"elementor-widget-wrap elementor-element-populated\">\n\t\t\t\t\t\t<div class=\"elementor-element elementor-element-7292622 elementor-widget elementor-widget-text-editor\" data-id=\"7292622\" data-element_type=\"widget\" data-widget_type=\"text-editor.default\">\n\t\t\t\t<div class=\"elementor-widget-container\">\n\t\t\t<style>\/*! elementor - v3.21.0 - 08-05-2024 *\/\n.elementor-widget-text-editor.elementor-drop-cap-view-stacked .elementor-drop-cap{background-color:#69727d;color:#fff}.elementor-widget-text-editor.elementor-drop-cap-view-framed .elementor-drop-cap{color:#69727d;border:3px solid;background-color:transparent}.elementor-widget-text-editor:not(.elementor-drop-cap-view-default) .elementor-drop-cap{margin-top:8px}.elementor-widget-text-editor:not(.elementor-drop-cap-view-default) .elementor-drop-cap-letter{width:1em;height:1em}.elementor-widget-text-editor .elementor-drop-cap{float:left;text-align:center;line-height:1;font-size:50px}.elementor-widget-text-editor .elementor-drop-cap-letter{display:inline-block}<\/style>\t\t\t\t<p>Pri pogodbah sklenjenih prek spletne trgovine, ima potro\u0161nik pravico (navedeno velja izklju\u010dno za fizi\u010dne osebe, ki pridobijo blago za namene izven svoje pridobitne dejavnosti), da v 14 dneh od prevzema blaga podjetju PA3K d.o.o. sporo\u010di (e-naslov:\u00a0<a href=\"mailto:info@marezige.si\">info@marezige.si<\/a>) da odstopa od pogodbe (ni potrebno navesti razlogov). Edini stro\u0161ek, ki bremeni potro\u0161nika v zvezi z odstopom od pogodbe, je neposreden stro\u0161ek vra\u010dila blaga (ki se v primeru po\u0161iljanja obra\u010dunava po ceniku dostavne slu\u017ebe in je odvisen od tega ali gre za po\u0161iljko\/paket\/tovor).<\/p><p>Kupec nima pravice do odstopa pri pogodbah za blago:<\/p><p>\u2013 ki je bilo izdelano po natan\u010dnih navodilih potro\u0161nika (prilagojeno njegovim osebnim potrebam),<br \/>\u2013 ki zaradi svoje narave ni primerno za vra\u010dilo,<br \/>\u2013 ki ima vidne sledi uporabe ali monta\u017ee izdelka (prah, dlake, praske, made\u017ei, umazanija \u2013 higienska opore\u010dnost),<br \/>\u2013 ki je vrnjeno nelo\u010dljivo in pome\u0161ano z drugimi predmeti.<\/p><p>\u010ce je kupec blago \u017ee prejel in od pogodbe odstopi, mora blago nepo\u0161kodovano in v nespremenjeni koli\u010dini vrniti podjetju v 14 dneh po obvestilu podjetja o njegovem odstopu. Blago oz. izdelek naj kupec vrne v originalni nepo\u0161kodovani embala\u017ei v izogib zmanj\u0161anju vra\u010dila kupnine. Kupec naj ob vra\u010dilu v po\u0161iljki prilo\u017ei \u0161e kopijo originalnega ra\u010dun in morebitno drugo pripadajo\u010do dokumentacijo. Embala\u017ea izdelka mora biti nepo\u0161kodovana.<\/p><p>Kupec odgovarja za zmanj\u0161anje vrednosti izdelka, \u010de je zmanj\u0161anje vrednosti posledica ravnanja, ki ni nujno potrebno za ugotovitev narave, lastnosti in delovanja blaga.<\/p><p>Vra\u010dilo pla\u010dil bo podjetje PA3K d.o.o. opravilo najkasneje v 14 dneh po prejemu odstopa od pogodbe. Podjetje PA3K d.o.o. si pridr\u017euje pravico zadr\u017eati vra\u010dilo prejetih pla\u010dil do prevzema vrnjenega blaga ali dokler ne predlo\u017eite dokazila, da ste blago poslali nazaj. Prejeto kupnino bo podjetje vrnilo z enakim pla\u010dilnim sredstvom, kot ga je kupec uporabil ob nakupu, razen \u010de ni izrecno zahteval uporabo drugega pla\u010dilnega sredstva. V primeru pla\u010dila po povzetju, bo podjetje denar nakazalo na kup\u010dev transakcijski ra\u010dun.<\/p><p>Rok za uveljavljanje pravice do odstopa od pogodbe te\u010de pri dobavi blaga od dneva, ko je kupec sprejel blago, pri opravljanju storitev pa z dnem sklenitve pogodbe ali z dnem, ko je podjetje izpolnilo to obveznost.<\/p><p>Odstop od pogodbe kupec uresni\u010di tako, da po\u0161lje nedvoumno izjavo o odstopu od pogodbe preko elektronske po\u0161te na\u00a0<a href=\"mailto:info@marezige.si\">info@marezige.si<\/a>. \u0160teje se, da je kupec podal odstopno izjavo pravo\u010dasno, \u010de jo po\u0161lje v roku, dolo\u010denem za odstop od pogodbe.<\/p><p>Naslov za vra\u010dilo blaga po po\u0161ti:<\/p><p>PA3K d.o.o.<br \/>Marezige 24<br \/>6273 Marezige<br \/>Slovenia<\/p>\t\t\t\t\t\t<\/div>\n\t\t\t\t<\/div>\n\t\t\t\t\t<\/div>\n\t\t<\/div>\n\t\t\t\t\t<\/div>\n\t\t<\/section>\n\t\t\t\t<\/div>","protected":false},"excerpt":{"rendered":"<p>Pri pogodbah sklenjenih prek spletne trgovine, ima potro\u0161nik pravico (navedeno velja izklju\u010dno za fizi\u010dne osebe, ki pridobijo blago za namene izven svoje pridobitne dejavnosti), da v 14 dneh od prevzema [&hellip;]<\/p>","protected":false},"author":1,"featured_media":0,"parent":0,"menu_order":0,"comment_status":"closed","ping_status":"closed","template":"","meta":{"inline_featured_image":false,"footnotes":""},"class_list":["post-2707","page","type-page","status-publish","hentry"],"aioseo_notices":[],"_links":{"self":[{"href":"https:\/\/marezige.si\/en\/wp-json\/wp\/v2\/pages\/2707","targetHints":{"allow":["GET"]}}],"collection":[{"href":"https:\/\/marezige.si\/en\/wp-json\/wp\/v2\/pages"}],"about":[{"href":"https:\/\/marezige.si\/en\/wp-json\/wp\/v2\/types\/page"}],"author":[{"embeddable":true,"href":"https:\/\/marezige.si\/en\/wp-json\/wp\/v2\/users\/1"}],"replies":[{"embeddable":true,"href":"https:\/\/marezige.si\/en\/wp-json\/wp\/v2\/comments?post=2707"}],"version-history":[{"count":4,"href":"https:\/\/marezige.si\/en\/wp-json\/wp\/v2\/pages\/2707\/revisions"}],"predecessor-version":[{"id":2711,"href":"https:\/\/marezige.si\/en\/wp-json\/wp\/v2\/pages\/2707\/revisions\/2711"}],"wp:attachment":[{"href":"https:\/\/marezige.si\/en\/wp-json\/wp\/v2\/media?parent=2707"}],"curies":[{"name":"wp","href":"https:\/\/api.w.org\/{rel}","templated":true}]}}