{"id":2712,"date":"2022-12-20T15:53:47","date_gmt":"2022-12-20T14:53:47","guid":{"rendered":"https:\/\/marezige.click.si\/?page_id=2712"},"modified":"2022-12-20T15:54:46","modified_gmt":"2022-12-20T14:54:46","slug":"dostava","status":"publish","type":"page","link":"https:\/\/marezige.si\/en\/dostava\/","title":{"rendered":"Delivery"},"content":{"rendered":"<div data-elementor-type=\"wp-page\" data-elementor-id=\"2712\" class=\"elementor elementor-2712\" data-elementor-post-type=\"page\">\n\t\t\t\t\t\t<section class=\"elementor-section elementor-top-section elementor-element elementor-element-bb51afa elementor-section-boxed elementor-section-height-default elementor-section-height-default\" data-id=\"bb51afa\" data-element_type=\"section\">\n\t\t\t\t\t\t<div class=\"elementor-container elementor-column-gap-default\">\n\t\t\t\t\t<div class=\"elementor-column elementor-col-100 elementor-top-column elementor-element elementor-element-36b7ed4\" data-id=\"36b7ed4\" data-element_type=\"column\">\n\t\t\t<div class=\"elementor-widget-wrap elementor-element-populated\">\n\t\t\t\t\t\t<div class=\"elementor-element elementor-element-370067f elementor-widget elementor-widget-text-editor\" data-id=\"370067f\" data-element_type=\"widget\" data-widget_type=\"text-editor.default\">\n\t\t\t\t<div class=\"elementor-widget-container\">\n\t\t\t<style>\/*! elementor - v3.21.0 - 08-05-2024 *\/\n.elementor-widget-text-editor.elementor-drop-cap-view-stacked .elementor-drop-cap{background-color:#69727d;color:#fff}.elementor-widget-text-editor.elementor-drop-cap-view-framed .elementor-drop-cap{color:#69727d;border:3px solid;background-color:transparent}.elementor-widget-text-editor:not(.elementor-drop-cap-view-default) .elementor-drop-cap{margin-top:8px}.elementor-widget-text-editor:not(.elementor-drop-cap-view-default) .elementor-drop-cap-letter{width:1em;height:1em}.elementor-widget-text-editor .elementor-drop-cap{float:left;text-align:center;line-height:1;font-size:50px}.elementor-widget-text-editor .elementor-drop-cap-letter{display:inline-block}<\/style>\t\t\t\t<p>Podjetje PA3K d.o.o. si prizadeva za najhitrej\u0161o mo\u017eno dostavo naro\u010denega blaga na obmo\u010dju Republike Slovenije.<\/p><ul><li>Dostavo izvaja v sodelovanju s Po\u0161to Slovenije.<\/li><li>V primeru izbora to\u010dnega datuma dostave PA3K d.o.o. naro\u010dilo odpremi 1 dan pred izbranim datumom dostave in stranki po\u0161lje obvestilo o odpremi, Po\u0161ta Slovenije ve\u010dino paketov dostavi \u017ee naslednji delovni dan po obvestilu o odpremi. V primeru izbire dostave na izbran dan se stro\u0161ek dostave pove\u010da (tudi v primeru, da paket izpolnjuje pogoje brezpla\u010dne dostave).<\/li><li>V primeru izbire na\u010dina pla\u010dila z nakazilom na ra\u010dun podjetja PA3K d.o.o. (po ponudbi\/predra\u010dunu) se lahko dostava zamakne, saj gre naro\u010dilo naprej v proces obdelave po prejemu pla\u010dila po ponudbi\/predra\u010dunu.<\/li><li>PA3K si pridr\u017euje pravico, da zaradi razli\u010dnih rokov dobave artiklov v naro\u010dilu, naro\u010dilo razdeli v ve\u010d po\u0161iljk. Artikle, ki so na zalogi, bomo poslali takoj, ostale pa, ko bodo na voljo. V kolikor se odlo\u010dite za delno dostavo vam bomo stro\u0161ek dostave zara\u010dunali za vsako po\u0161iljko posebej.<\/li><li>Po\u0161iljko lahko prevzamete osebno ali pa jo v va\u0161em imenu prevzame poobla\u0161\u010denec, zakoniti zastopnik ali skrbnik.<\/li><li>\u010ce vas ob dostavi ni na navedenem naslovu, vam bo Po\u0161ta Slovenije poslala sporo\u010dilo z navodili, kje lahko paket prevzamete oz. koga lahko kontaktirate, da vam paket ponovno dostavijo.<\/li><li>Ra\u010dun za va\u0161e naro\u010dilo boste prejeli v roku 24 ur na va\u0161 e-mail naslov s katerim ste oddali spletno naro\u010dilo.<\/li><\/ul><p>\u00a0<\/p><p>Dobavni rok je naveden ob vsakem posameznem izdelku posebej in za\u010dne te\u010di naslednji delovni dan po potrditvi naro\u010dila. Sobote, nedelje in prazniki se ne \u0161tejejo v \u010das dobave. Podjetje PA3K d.o.o. si pridr\u017euje pravico do dobave delnih po\u0161iljk.<em>\u00a0<\/em><\/p><p>V primeru, da podjetje PA3K d.o.o. zaradi nepredvidljivih okoli\u0161\u010din (izrednih vremenskih okoli\u0161\u010din, zamude po\u0161tnih storitev, zamude zaradi posledic nalezljive bolezni Covid-19, in podobno) naro\u010denih izdelkov ne bo moglo dobaviti v predvidenem dobavnem roku, bo kupca o tem obvestilo preko elektronske po\u0161te ali telefona ter mu ponudilo nov dobavni rok. Kupec ima v tem primeru pravico do brezpla\u010dnega odstopa od pogodbe.<\/p>\t\t\t\t\t\t<\/div>\n\t\t\t\t<\/div>\n\t\t\t\t\t<\/div>\n\t\t<\/div>\n\t\t\t\t\t<\/div>\n\t\t<\/section>\n\t\t\t\t<\/div>","protected":false},"excerpt":{"rendered":"<p>Podjetje PA3K d.o.o. si prizadeva za najhitrej\u0161o mo\u017eno dostavo naro\u010denega blaga na obmo\u010dju Republike Slovenije. Dostavo izvaja v sodelovanju s Po\u0161to Slovenije. V primeru izbora to\u010dnega datuma dostave PA3K d.o.o. [&hellip;]<\/p>","protected":false},"author":1,"featured_media":0,"parent":0,"menu_order":0,"comment_status":"closed","ping_status":"closed","template":"","meta":{"inline_featured_image":false,"footnotes":""},"class_list":["post-2712","page","type-page","status-publish","hentry"],"aioseo_notices":[],"_links":{"self":[{"href":"https:\/\/marezige.si\/en\/wp-json\/wp\/v2\/pages\/2712","targetHints":{"allow":["GET"]}}],"collection":[{"href":"https:\/\/marezige.si\/en\/wp-json\/wp\/v2\/pages"}],"about":[{"href":"https:\/\/marezige.si\/en\/wp-json\/wp\/v2\/types\/page"}],"author":[{"embeddable":true,"href":"https:\/\/marezige.si\/en\/wp-json\/wp\/v2\/users\/1"}],"replies":[{"embeddable":true,"href":"https:\/\/marezige.si\/en\/wp-json\/wp\/v2\/comments?post=2712"}],"version-history":[{"count":4,"href":"https:\/\/marezige.si\/en\/wp-json\/wp\/v2\/pages\/2712\/revisions"}],"predecessor-version":[{"id":2716,"href":"https:\/\/marezige.si\/en\/wp-json\/wp\/v2\/pages\/2712\/revisions\/2716"}],"wp:attachment":[{"href":"https:\/\/marezige.si\/en\/wp-json\/wp\/v2\/media?parent=2712"}],"curies":[{"name":"wp","href":"https:\/\/api.w.org\/{rel}","templated":true}]}}