{"id":2722,"date":"2022-12-21T09:45:40","date_gmt":"2022-12-21T08:45:40","guid":{"rendered":"https:\/\/marezige.click.si\/?page_id=2722"},"modified":"2022-12-21T09:46:39","modified_gmt":"2022-12-21T08:46:39","slug":"osebni-prevzem","status":"publish","type":"page","link":"https:\/\/marezige.si\/en\/osebni-prevzem\/","title":{"rendered":"Personal pickup"},"content":{"rendered":"<div data-elementor-type=\"wp-page\" data-elementor-id=\"2722\" class=\"elementor elementor-2722\" data-elementor-post-type=\"page\">\n\t\t\t\t\t\t<section class=\"elementor-section elementor-top-section elementor-element elementor-element-934306a elementor-section-boxed elementor-section-height-default elementor-section-height-default\" data-id=\"934306a\" data-element_type=\"section\">\n\t\t\t\t\t\t<div class=\"elementor-container elementor-column-gap-default\">\n\t\t\t\t\t<div class=\"elementor-column elementor-col-100 elementor-top-column elementor-element elementor-element-a9960a1\" data-id=\"a9960a1\" data-element_type=\"column\">\n\t\t\t<div class=\"elementor-widget-wrap elementor-element-populated\">\n\t\t\t\t\t\t<div class=\"elementor-element elementor-element-713ebd0 elementor-widget elementor-widget-text-editor\" data-id=\"713ebd0\" data-element_type=\"widget\" data-widget_type=\"text-editor.default\">\n\t\t\t\t<div class=\"elementor-widget-container\">\n\t\t\t<style>\/*! elementor - v3.21.0 - 08-05-2024 *\/\n.elementor-widget-text-editor.elementor-drop-cap-view-stacked .elementor-drop-cap{background-color:#69727d;color:#fff}.elementor-widget-text-editor.elementor-drop-cap-view-framed .elementor-drop-cap{color:#69727d;border:3px solid;background-color:transparent}.elementor-widget-text-editor:not(.elementor-drop-cap-view-default) .elementor-drop-cap{margin-top:8px}.elementor-widget-text-editor:not(.elementor-drop-cap-view-default) .elementor-drop-cap-letter{width:1em;height:1em}.elementor-widget-text-editor .elementor-drop-cap{float:left;text-align:center;line-height:1;font-size:50px}.elementor-widget-text-editor .elementor-drop-cap-letter{display:inline-block}<\/style>\t\t\t\t<p>Podjetje PA3K d.o.o. ponuja mo\u017enost osebnega prevzema blaga na lokaciji:\u00a0\u00a0\u00a0\u00a0\u00a0\u00a0\u00a0\u00a0<\/p><p>Marezige 24<br \/>6273 Marezige<br \/>Slovenia<\/p><p>Opcijo osebnega prevzema blaga kupec izbere ob zaklju\u010dku nakupa.<\/p><p>Po prejetem elektronskem sporo\u010dilu, ki potrjuje, da je naro\u010dilo pripravljeno za prevzem, lahko kupec \u017ee opravi prevzem blaga v izbrani trgovini. Naro\u010dilo vam hranimo 5 delovnih dni od prejema elektronskega sporo\u010dila \u00bbVa\u0161e blago je pripravljeno za prevzem\u00ab. Po prete\u010denem roku se naro\u010dilo stornira.<\/p>\t\t\t\t\t\t<\/div>\n\t\t\t\t<\/div>\n\t\t\t\t\t<\/div>\n\t\t<\/div>\n\t\t\t\t\t<\/div>\n\t\t<\/section>\n\t\t\t\t<\/div>","protected":false},"excerpt":{"rendered":"<p>Podjetje PA3K d.o.o. ponuja mo\u017enost osebnega prevzema blaga na lokaciji:\u00a0\u00a0\u00a0\u00a0\u00a0\u00a0\u00a0\u00a0 Marezige 246273 MarezigeSlovenija Opcijo osebnega prevzema blaga kupec izbere ob zaklju\u010dku nakupa. Po prejetem elektronskem sporo\u010dilu, ki potrjuje, da je [&hellip;]<\/p>","protected":false},"author":1,"featured_media":0,"parent":0,"menu_order":0,"comment_status":"closed","ping_status":"closed","template":"","meta":{"inline_featured_image":false,"footnotes":""},"class_list":["post-2722","page","type-page","status-publish","hentry"],"aioseo_notices":[],"_links":{"self":[{"href":"https:\/\/marezige.si\/en\/wp-json\/wp\/v2\/pages\/2722","targetHints":{"allow":["GET"]}}],"collection":[{"href":"https:\/\/marezige.si\/en\/wp-json\/wp\/v2\/pages"}],"about":[{"href":"https:\/\/marezige.si\/en\/wp-json\/wp\/v2\/types\/page"}],"author":[{"embeddable":true,"href":"https:\/\/marezige.si\/en\/wp-json\/wp\/v2\/users\/1"}],"replies":[{"embeddable":true,"href":"https:\/\/marezige.si\/en\/wp-json\/wp\/v2\/comments?post=2722"}],"version-history":[{"count":4,"href":"https:\/\/marezige.si\/en\/wp-json\/wp\/v2\/pages\/2722\/revisions"}],"predecessor-version":[{"id":2726,"href":"https:\/\/marezige.si\/en\/wp-json\/wp\/v2\/pages\/2722\/revisions\/2726"}],"wp:attachment":[{"href":"https:\/\/marezige.si\/en\/wp-json\/wp\/v2\/media?parent=2722"}],"curies":[{"name":"wp","href":"https:\/\/api.w.org\/{rel}","templated":true}]}}