{"id":296,"date":"2022-12-06T10:02:40","date_gmt":"2022-12-06T09:02:40","guid":{"rendered":"https:\/\/marezige.click.si\/?page_id=296"},"modified":"2025-02-03T21:35:34","modified_gmt":"2025-02-03T20:35:34","slug":"dezela-refoska","status":"publish","type":"page","link":"https:\/\/marezige.si\/en\/o-marezigah\/dezela-refoska\/","title":{"rendered":"Land of Refosco Wine"},"content":{"rendered":"<div data-elementor-type=\"wp-page\" data-elementor-id=\"296\" class=\"elementor elementor-296\" data-elementor-post-type=\"page\">\n\t\t\t\t\t\t<section class=\"elementor-section elementor-top-section elementor-element elementor-element-8223513 elementor-section-content-middle elementor-section-boxed elementor-section-height-default elementor-section-height-default\" data-id=\"8223513\" data-element_type=\"section\">\n\t\t\t\t\t\t<div class=\"elementor-container elementor-column-gap-default\">\n\t\t\t\t\t<div class=\"elementor-column elementor-col-50 elementor-top-column elementor-element elementor-element-215c626\" data-id=\"215c626\" data-element_type=\"column\">\n\t\t\t<div class=\"elementor-widget-wrap elementor-element-populated\">\n\t\t\t\t\t\t<div class=\"elementor-element elementor-element-821ad3d elementor-widget elementor-widget-heading\" data-id=\"821ad3d\" data-element_type=\"widget\" data-widget_type=\"heading.default\">\n\t\t\t\t<div class=\"elementor-widget-container\">\n\t\t\t<style>\/*! elementor - v3.21.0 - 08-05-2024 *\/\n.elementor-heading-title{padding:0;margin:0;line-height:1}.elementor-widget-heading .elementor-heading-title[class*=elementor-size-]>a{color:inherit;font-size:inherit;line-height:inherit}.elementor-widget-heading .elementor-heading-title.elementor-size-small{font-size:15px}.elementor-widget-heading .elementor-heading-title.elementor-size-medium{font-size:19px}.elementor-widget-heading .elementor-heading-title.elementor-size-large{font-size:29px}.elementor-widget-heading .elementor-heading-title.elementor-size-xl{font-size:39px}.elementor-widget-heading .elementor-heading-title.elementor-size-xxl{font-size:59px}<\/style><h1 class=\"elementor-heading-title elementor-size-default\">Land of Refosco Wine<\/h1>\t\t<\/div>\n\t\t\t\t<\/div>\n\t\t\t\t<div class=\"elementor-element elementor-element-68687df elementor-widget elementor-widget-text-editor\" data-id=\"68687df\" data-element_type=\"widget\" data-widget_type=\"text-editor.default\">\n\t\t\t\t<div class=\"elementor-widget-container\">\n\t\t\t<style>\/*! elementor - v3.21.0 - 08-05-2024 *\/\n.elementor-widget-text-editor.elementor-drop-cap-view-stacked .elementor-drop-cap{background-color:#69727d;color:#fff}.elementor-widget-text-editor.elementor-drop-cap-view-framed .elementor-drop-cap{color:#69727d;border:3px solid;background-color:transparent}.elementor-widget-text-editor:not(.elementor-drop-cap-view-default) .elementor-drop-cap{margin-top:8px}.elementor-widget-text-editor:not(.elementor-drop-cap-view-default) .elementor-drop-cap-letter{width:1em;height:1em}.elementor-widget-text-editor .elementor-drop-cap{float:left;text-align:center;line-height:1;font-size:50px}.elementor-widget-text-editor .elementor-drop-cap-letter{display:inline-block}<\/style>\t\t\t\t<div class=\"elementor-element elementor-element-bc56b2c elementor-widget elementor-widget-text-editor\" data-id=\"bc56b2c\" data-element_type=\"widget\" data-widget_type=\"text-editor.default\"><div class=\"elementor-widget-container\"><p>As we approach the Slovenian coast from the mainland, we are greeted by the sunny slopes of the \u0160avrini hills and ridges planted with vineyards, olive trees, cherries, figs, and almonds, under the gray, hard, and windy Karst wall.<\/p><\/div><\/div>\t\t\t\t\t\t<\/div>\n\t\t\t\t<\/div>\n\t\t\t\t<div class=\"elementor-element elementor-element-d8d838c elementor-widget elementor-widget-text-editor\" data-id=\"d8d838c\" data-element_type=\"widget\" data-widget_type=\"text-editor.default\">\n\t\t\t\t<div class=\"elementor-widget-container\">\n\t\t\t\t\t\t\t<p>This is the Land of Refosco, the land of friendly and hospitable Istrians, the land of the blackest wine of all black wines.<\/p>\t\t\t\t\t\t<\/div>\n\t\t\t\t<\/div>\n\t\t\t\t\t<\/div>\n\t\t<\/div>\n\t\t\t\t<div class=\"elementor-column elementor-col-50 elementor-top-column elementor-element elementor-element-a98fa61\" data-id=\"a98fa61\" data-element_type=\"column\">\n\t\t\t<div class=\"elementor-widget-wrap elementor-element-populated\">\n\t\t\t\t\t\t<div class=\"elementor-element elementor-element-4e9a3c0 heart-icon elementor-widget elementor-widget-image\" data-id=\"4e9a3c0\" data-element_type=\"widget\" data-widget_type=\"image.default\">\n\t\t\t\t<div class=\"elementor-widget-container\">\n\t\t\t<style>\/*! elementor - v3.21.0 - 08-05-2024 *\/\n.elementor-widget-image{text-align:center}.elementor-widget-image a{display:inline-block}.elementor-widget-image a img[src$=\".svg\"]{width:48px}.elementor-widget-image img{vertical-align:middle;display:inline-block}<\/style>\t\t\t\t\t\t\t\t\t\t\t<a href=\"https:\/\/marezige.si\/en\/\">\n\t\t\t\t\t\t\t<img fetchpriority=\"high\" decoding=\"async\" width=\"800\" height=\"800\" src=\"https:\/\/marezige.si\/wp-content\/uploads\/2022\/11\/logo_MAREZIGE_srcek_colour.svg\" class=\"attachment-large size-large wp-image-13\" alt=\"\" \/>\t\t\t\t\t\t\t\t<\/a>\n\t\t\t\t\t\t\t\t\t\t\t\t\t<\/div>\n\t\t\t\t<\/div>\n\t\t\t\t\t<\/div>\n\t\t<\/div>\n\t\t\t\t\t<\/div>\n\t\t<\/section>\n\t\t\t\t<section class=\"elementor-section elementor-top-section elementor-element elementor-element-79ab69d elementor-section-boxed elementor-section-height-default elementor-section-height-default\" data-id=\"79ab69d\" data-element_type=\"section\">\n\t\t\t\t\t\t<div class=\"elementor-container elementor-column-gap-default\">\n\t\t\t\t\t<div class=\"elementor-column elementor-col-50 elementor-top-column elementor-element elementor-element-ca5a874\" data-id=\"ca5a874\" data-element_type=\"column\">\n\t\t\t<div class=\"elementor-widget-wrap elementor-element-populated\">\n\t\t\t\t\t\t<section class=\"elementor-section elementor-inner-section elementor-element elementor-element-c7597de elementor-section-boxed elementor-section-height-default elementor-section-height-default\" data-id=\"c7597de\" data-element_type=\"section\">\n\t\t\t\t\t\t<div class=\"elementor-container elementor-column-gap-default\">\n\t\t\t\t\t<div class=\"elementor-column elementor-col-50 elementor-inner-column elementor-element elementor-element-4c47be2\" data-id=\"4c47be2\" data-element_type=\"column\" data-settings=\"{&quot;background_background&quot;:&quot;classic&quot;}\">\n\t\t\t<div class=\"elementor-widget-wrap elementor-element-populated\">\n\t\t\t\t\t\t<div class=\"elementor-element elementor-element-b6d3c5f elementor-widget elementor-widget-image\" data-id=\"b6d3c5f\" data-element_type=\"widget\" data-widget_type=\"image.default\">\n\t\t\t\t<div class=\"elementor-widget-container\">\n\t\t\t\t\t\t\t\t\t\t\t\t\t\t<a href=\"https:\/\/marezige.si\/en\/vinska-fontana\/kozarec-z-razgledom\/\">\n\t\t\t\t\t\t\t<img decoding=\"async\" width=\"800\" height=\"534\" src=\"https:\/\/marezige.si\/wp-content\/uploads\/2022\/11\/Vinska-Fontana-Marezige-Razgledna-ploscad-1024x683.jpg\" class=\"attachment-large size-large wp-image-44\" alt=\"\" srcset=\"https:\/\/marezige.si\/wp-content\/uploads\/2022\/11\/Vinska-Fontana-Marezige-Razgledna-ploscad-1024x683.jpg 1024w, https:\/\/marezige.si\/wp-content\/uploads\/2022\/11\/Vinska-Fontana-Marezige-Razgledna-ploscad-300x200.jpg 300w, https:\/\/marezige.si\/wp-content\/uploads\/2022\/11\/Vinska-Fontana-Marezige-Razgledna-ploscad-768x512.jpg 768w, https:\/\/marezige.si\/wp-content\/uploads\/2022\/11\/Vinska-Fontana-Marezige-Razgledna-ploscad-1536x1024.jpg 1536w, https:\/\/marezige.si\/wp-content\/uploads\/2022\/11\/Vinska-Fontana-Marezige-Razgledna-ploscad-18x12.jpg 18w, https:\/\/marezige.si\/wp-content\/uploads\/2022\/11\/Vinska-Fontana-Marezige-Razgledna-ploscad-600x400.jpg 600w, https:\/\/marezige.si\/wp-content\/uploads\/2022\/11\/Vinska-Fontana-Marezige-Razgledna-ploscad.jpg 1651w\" sizes=\"(max-width: 800px) 100vw, 800px\" \/>\t\t\t\t\t\t\t\t<\/a>\n\t\t\t\t\t\t\t\t\t\t\t\t\t<\/div>\n\t\t\t\t<\/div>\n\t\t\t\t\t<\/div>\n\t\t<\/div>\n\t\t\t\t<div class=\"elementor-column elementor-col-50 elementor-inner-column elementor-element elementor-element-9e92218\" data-id=\"9e92218\" data-element_type=\"column\">\n\t\t\t<div class=\"elementor-widget-wrap elementor-element-populated\">\n\t\t\t\t\t\t<div class=\"elementor-element elementor-element-f3aa8bf elementor-widget elementor-widget-heading\" data-id=\"f3aa8bf\" data-element_type=\"widget\" data-widget_type=\"heading.default\">\n\t\t\t\t<div class=\"elementor-widget-container\">\n\t\t\t<h3 class=\"elementor-heading-title elementor-size-default\">Wine Fountain<\/h3>\t\t<\/div>\n\t\t\t\t<\/div>\n\t\t\t\t<div class=\"elementor-element elementor-element-6ce07e4 elementor-widget elementor-widget-text-editor\" data-id=\"6ce07e4\" data-element_type=\"widget\" data-widget_type=\"text-editor.default\">\n\t\t\t\t<div class=\"elementor-widget-container\">\n\t\t\t\t\t\t\t<p>Taste top-quality local wines and enjoy homemade Istrian cold cuts with the most beautiful view in Slovenian Istria.\u00a0<\/p>\t\t\t\t\t\t<\/div>\n\t\t\t\t<\/div>\n\t\t\t\t<div class=\"elementor-element elementor-element-e5769aa elementor-view-default elementor-widget elementor-widget-icon\" data-id=\"e5769aa\" data-element_type=\"widget\" data-widget_type=\"icon.default\">\n\t\t\t\t<div class=\"elementor-widget-container\">\n\t\t\t\t\t<div class=\"elementor-icon-wrapper\">\n\t\t\t<a class=\"elementor-icon\" href=\"https:\/\/marezige.si\/en\/vinska-fontana\/kozarec-z-razgledom\/\">\n\t\t\t<i aria-hidden=\"true\" class=\"fas fa-chevron-right\"><\/i>\t\t\t<\/a>\n\t\t<\/div>\n\t\t\t\t<\/div>\n\t\t\t\t<\/div>\n\t\t\t\t\t<\/div>\n\t\t<\/div>\n\t\t\t\t\t<\/div>\n\t\t<\/section>\n\t\t\t\t\t<\/div>\n\t\t<\/div>\n\t\t\t\t<div class=\"elementor-column elementor-col-50 elementor-top-column elementor-element elementor-element-fb83e12\" data-id=\"fb83e12\" data-element_type=\"column\">\n\t\t\t<div class=\"elementor-widget-wrap elementor-element-populated\">\n\t\t\t\t\t\t<section class=\"elementor-section elementor-inner-section elementor-element elementor-element-781d274 elementor-section-boxed elementor-section-height-default elementor-section-height-default\" data-id=\"781d274\" data-element_type=\"section\">\n\t\t\t\t\t\t<div class=\"elementor-container elementor-column-gap-default\">\n\t\t\t\t\t<div class=\"elementor-column elementor-col-50 elementor-inner-column elementor-element elementor-element-2367d32\" data-id=\"2367d32\" data-element_type=\"column\" data-settings=\"{&quot;background_background&quot;:&quot;classic&quot;}\">\n\t\t\t<div class=\"elementor-widget-wrap elementor-element-populated\">\n\t\t\t\t\t\t<div class=\"elementor-element elementor-element-5352d47 elementor-widget elementor-widget-image\" data-id=\"5352d47\" data-element_type=\"widget\" data-widget_type=\"image.default\">\n\t\t\t\t<div class=\"elementor-widget-container\">\n\t\t\t\t\t\t\t\t\t\t\t\t\t\t<a href=\"https:\/\/wine-paradise.si\/en\" target=\"_blank\">\n\t\t\t\t\t\t\t<img decoding=\"async\" width=\"800\" height=\"534\" src=\"https:\/\/marezige.si\/wp-content\/uploads\/2022\/11\/Gostilna-Karjola-Vinska-Fontana-Marezige-10-1024x683.jpg\" class=\"attachment-large size-large wp-image-43\" alt=\"\" srcset=\"https:\/\/marezige.si\/wp-content\/uploads\/2022\/11\/Gostilna-Karjola-Vinska-Fontana-Marezige-10-1024x683.jpg 1024w, https:\/\/marezige.si\/wp-content\/uploads\/2022\/11\/Gostilna-Karjola-Vinska-Fontana-Marezige-10-300x200.jpg 300w, https:\/\/marezige.si\/wp-content\/uploads\/2022\/11\/Gostilna-Karjola-Vinska-Fontana-Marezige-10-768x512.jpg 768w, https:\/\/marezige.si\/wp-content\/uploads\/2022\/11\/Gostilna-Karjola-Vinska-Fontana-Marezige-10-18x12.jpg 18w, https:\/\/marezige.si\/wp-content\/uploads\/2022\/11\/Gostilna-Karjola-Vinska-Fontana-Marezige-10-600x400.jpg 600w, https:\/\/marezige.si\/wp-content\/uploads\/2022\/11\/Gostilna-Karjola-Vinska-Fontana-Marezige-10.jpg 1410w\" sizes=\"(max-width: 800px) 100vw, 800px\" \/>\t\t\t\t\t\t\t\t<\/a>\n\t\t\t\t\t\t\t\t\t\t\t\t\t<\/div>\n\t\t\t\t<\/div>\n\t\t\t\t\t<\/div>\n\t\t<\/div>\n\t\t\t\t<div class=\"elementor-column elementor-col-50 elementor-inner-column elementor-element elementor-element-80e939b\" data-id=\"80e939b\" data-element_type=\"column\">\n\t\t\t<div class=\"elementor-widget-wrap elementor-element-populated\">\n\t\t\t\t\t\t<div class=\"elementor-element elementor-element-6d0523c elementor-widget elementor-widget-heading\" data-id=\"6d0523c\" data-element_type=\"widget\" data-widget_type=\"heading.default\">\n\t\t\t\t<div class=\"elementor-widget-container\">\n\t\t\t<h3 class=\"elementor-heading-title elementor-size-default\">Wine paradise<\/h3>\t\t<\/div>\n\t\t\t\t<\/div>\n\t\t\t\t<div class=\"elementor-element elementor-element-0c51005 elementor-widget elementor-widget-text-editor\" data-id=\"0c51005\" data-element_type=\"widget\" data-widget_type=\"text-editor.default\">\n\t\t\t\t<div class=\"elementor-widget-container\">\n\t\t\t\t\t\t\t<p>In our modern houses set in a rustic environment, you can enjoy swimming pools, hot tubs, and relax before embarking on authentic Istrian experiences.<\/p>\t\t\t\t\t\t<\/div>\n\t\t\t\t<\/div>\n\t\t\t\t<div class=\"elementor-element elementor-element-098e2a4 elementor-view-default elementor-widget elementor-widget-icon\" data-id=\"098e2a4\" data-element_type=\"widget\" data-widget_type=\"icon.default\">\n\t\t\t\t<div class=\"elementor-widget-container\">\n\t\t\t\t\t<div class=\"elementor-icon-wrapper\">\n\t\t\t<a class=\"elementor-icon\" href=\"https:\/\/wine-paradise.si\/en\" target=\"_blank\">\n\t\t\t<i aria-hidden=\"true\" class=\"fas fa-chevron-right\"><\/i>\t\t\t<\/a>\n\t\t<\/div>\n\t\t\t\t<\/div>\n\t\t\t\t<\/div>\n\t\t\t\t\t<\/div>\n\t\t<\/div>\n\t\t\t\t\t<\/div>\n\t\t<\/section>\n\t\t\t\t\t<\/div>\n\t\t<\/div>\n\t\t\t\t\t<\/div>\n\t\t<\/section>\n\t\t\t\t<section class=\"elementor-section elementor-top-section elementor-element elementor-element-318386a elementor-section-boxed elementor-section-height-default elementor-section-height-default\" data-id=\"318386a\" data-element_type=\"section\">\n\t\t\t\t\t\t<div class=\"elementor-container elementor-column-gap-default\">\n\t\t\t\t\t<div class=\"elementor-column elementor-col-100 elementor-top-column elementor-element elementor-element-b13d458\" data-id=\"b13d458\" data-element_type=\"column\">\n\t\t\t<div class=\"elementor-widget-wrap elementor-element-populated\">\n\t\t\t\t\t\t<div class=\"elementor-element elementor-element-7b0abf2 elementor-widget elementor-widget-text-editor\" data-id=\"7b0abf2\" data-element_type=\"widget\" data-widget_type=\"text-editor.default\">\n\t\t\t\t<div class=\"elementor-widget-container\">\n\t\t\t\t\t\t\t<p>The Koper wine region, which covers 2400 hectares, is part of the 7055 hectares encompassing the Slovenian wine region of Primorska. It runs along the coast of the Gulf of Trieste from the border with Italy at Debeli Rti\u010d, through Izola, Piran, and Se\u010dovlje to the Slovenian-Croatian border. The Koper wine region is located in the warmest climate zone of Slovenia.<\/p><p>The most cultivated grape varieties are Refosco and Malvasia, but Cabernet Sauvignon, Merlot, Chardonnay, Pinot Gris, and others also thrive here.<\/p>\t\t\t\t\t\t<\/div>\n\t\t\t\t<\/div>\n\t\t\t\t\t<\/div>\n\t\t<\/div>\n\t\t\t\t\t<\/div>\n\t\t<\/section>\n\t\t\t\t<section class=\"elementor-section elementor-top-section elementor-element elementor-element-bf71fa6 elementor-section-height-min-height elementor-section-boxed elementor-section-height-default elementor-section-items-middle\" data-id=\"bf71fa6\" data-element_type=\"section\" data-settings=\"{&quot;background_background&quot;:&quot;classic&quot;}\">\n\t\t\t\t\t\t<div class=\"elementor-container elementor-column-gap-default\">\n\t\t\t\t\t<div class=\"elementor-column elementor-col-100 elementor-top-column elementor-element elementor-element-b64ae31\" data-id=\"b64ae31\" data-element_type=\"column\">\n\t\t\t<div class=\"elementor-widget-wrap\">\n\t\t\t\t\t\t\t<\/div>\n\t\t<\/div>\n\t\t\t\t\t<\/div>\n\t\t<\/section>\n\t\t\t\t<section class=\"elementor-section elementor-top-section elementor-element elementor-element-92e87ec elementor-section-boxed elementor-section-height-default elementor-section-height-default\" data-id=\"92e87ec\" data-element_type=\"section\">\n\t\t\t\t\t\t<div class=\"elementor-container elementor-column-gap-default\">\n\t\t\t\t\t<div class=\"elementor-column elementor-col-50 elementor-top-column elementor-element elementor-element-d2eb7ef\" data-id=\"d2eb7ef\" data-element_type=\"column\">\n\t\t\t<div class=\"elementor-widget-wrap elementor-element-populated\">\n\t\t\t\t\t\t<section class=\"elementor-section elementor-inner-section elementor-element elementor-element-d680c52 elementor-section-boxed elementor-section-height-default elementor-section-height-default\" data-id=\"d680c52\" data-element_type=\"section\">\n\t\t\t\t\t\t<div class=\"elementor-container elementor-column-gap-default\">\n\t\t\t\t\t<div class=\"elementor-column elementor-col-50 elementor-inner-column elementor-element elementor-element-f23f11e\" data-id=\"f23f11e\" data-element_type=\"column\" data-settings=\"{&quot;background_background&quot;:&quot;classic&quot;}\">\n\t\t\t<div class=\"elementor-widget-wrap elementor-element-populated\">\n\t\t\t\t\t\t<div class=\"elementor-element elementor-element-3111626 elementor-widget elementor-widget-image\" data-id=\"3111626\" data-element_type=\"widget\" data-widget_type=\"image.default\">\n\t\t\t\t<div class=\"elementor-widget-container\">\n\t\t\t\t\t\t\t\t\t\t\t\t\t\t<a href=\"\/en\/dozivetja\/\">\n\t\t\t\t\t\t\t<img loading=\"lazy\" decoding=\"async\" width=\"800\" height=\"534\" src=\"https:\/\/marezige.si\/wp-content\/uploads\/2023\/01\/Vinska-Fontana-Marezige-copy-1024x683.jpg\" class=\"attachment-large size-large wp-image-2811\" alt=\"\" srcset=\"https:\/\/marezige.si\/wp-content\/uploads\/2023\/01\/Vinska-Fontana-Marezige-copy-1024x683.jpg 1024w, https:\/\/marezige.si\/wp-content\/uploads\/2023\/01\/Vinska-Fontana-Marezige-copy-300x200.jpg 300w, https:\/\/marezige.si\/wp-content\/uploads\/2023\/01\/Vinska-Fontana-Marezige-copy-768x512.jpg 768w, https:\/\/marezige.si\/wp-content\/uploads\/2023\/01\/Vinska-Fontana-Marezige-copy-18x12.jpg 18w, https:\/\/marezige.si\/wp-content\/uploads\/2023\/01\/Vinska-Fontana-Marezige-copy-460x307.jpg 460w, https:\/\/marezige.si\/wp-content\/uploads\/2023\/01\/Vinska-Fontana-Marezige-copy-1320x881.jpg 1320w, https:\/\/marezige.si\/wp-content\/uploads\/2023\/01\/Vinska-Fontana-Marezige-copy-600x400.jpg 600w, https:\/\/marezige.si\/wp-content\/uploads\/2023\/01\/Vinska-Fontana-Marezige-copy.jpg 1400w\" sizes=\"(max-width: 800px) 100vw, 800px\" \/>\t\t\t\t\t\t\t\t<\/a>\n\t\t\t\t\t\t\t\t\t\t\t\t\t<\/div>\n\t\t\t\t<\/div>\n\t\t\t\t\t<\/div>\n\t\t<\/div>\n\t\t\t\t<div class=\"elementor-column elementor-col-50 elementor-inner-column elementor-element elementor-element-8636339\" data-id=\"8636339\" data-element_type=\"column\">\n\t\t\t<div class=\"elementor-widget-wrap elementor-element-populated\">\n\t\t\t\t\t\t<div class=\"elementor-element elementor-element-3b6fe40 elementor-widget elementor-widget-heading\" data-id=\"3b6fe40\" data-element_type=\"widget\" data-widget_type=\"heading.default\">\n\t\t\t\t<div class=\"elementor-widget-container\">\n\t\t\t<h3 class=\"elementor-heading-title elementor-size-default\">Experiences<\/h3>\t\t<\/div>\n\t\t\t\t<\/div>\n\t\t\t\t<div class=\"elementor-element elementor-element-85b8767 elementor-widget elementor-widget-text-editor\" data-id=\"85b8767\" data-element_type=\"widget\" data-widget_type=\"text-editor.default\">\n\t\t\t\t<div class=\"elementor-widget-container\">\n\t\t\t\t\t\t\t<p>We have prepared some special experiences for you, where you can discover the natural and cultural heritage of Marezige and Slovenian Istria.<\/p>\t\t\t\t\t\t<\/div>\n\t\t\t\t<\/div>\n\t\t\t\t<div class=\"elementor-element elementor-element-1636b95 elementor-view-default elementor-widget elementor-widget-icon\" data-id=\"1636b95\" data-element_type=\"widget\" data-widget_type=\"icon.default\">\n\t\t\t\t<div class=\"elementor-widget-container\">\n\t\t\t\t\t<div class=\"elementor-icon-wrapper\">\n\t\t\t<a class=\"elementor-icon\" href=\"\/en\/dozivetja\/\">\n\t\t\t<i aria-hidden=\"true\" class=\"fas fa-chevron-right\"><\/i>\t\t\t<\/a>\n\t\t<\/div>\n\t\t\t\t<\/div>\n\t\t\t\t<\/div>\n\t\t\t\t\t<\/div>\n\t\t<\/div>\n\t\t\t\t\t<\/div>\n\t\t<\/section>\n\t\t\t\t\t<\/div>\n\t\t<\/div>\n\t\t\t\t<div class=\"elementor-column elementor-col-50 elementor-top-column elementor-element elementor-element-bfe8225\" data-id=\"bfe8225\" data-element_type=\"column\">\n\t\t\t<div class=\"elementor-widget-wrap elementor-element-populated\">\n\t\t\t\t\t\t<section class=\"elementor-section elementor-inner-section elementor-element elementor-element-3689293 elementor-section-boxed elementor-section-height-default elementor-section-height-default\" data-id=\"3689293\" data-element_type=\"section\">\n\t\t\t\t\t\t<div class=\"elementor-container elementor-column-gap-default\">\n\t\t\t\t\t<div class=\"elementor-column elementor-col-50 elementor-inner-column elementor-element elementor-element-bd43de6\" data-id=\"bd43de6\" data-element_type=\"column\" data-settings=\"{&quot;background_background&quot;:&quot;classic&quot;}\">\n\t\t\t<div class=\"elementor-widget-wrap elementor-element-populated\">\n\t\t\t\t\t\t<div class=\"elementor-element elementor-element-e7f6229 elementor-widget elementor-widget-image\" data-id=\"e7f6229\" data-element_type=\"widget\" data-widget_type=\"image.default\">\n\t\t\t\t<div class=\"elementor-widget-container\">\n\t\t\t\t\t\t\t\t\t\t\t\t\t\t<a href=\"https:\/\/marezige.si\/en\/vinski-avtobus\/prijavi-se-na-izlet\/\">\n\t\t\t\t\t\t\t<img loading=\"lazy\" decoding=\"async\" width=\"800\" height=\"533\" src=\"https:\/\/marezige.si\/wp-content\/uploads\/2022\/12\/AT_5340-HDR-1024x682.jpg\" class=\"attachment-large size-large wp-image-105\" alt=\"\" srcset=\"https:\/\/marezige.si\/wp-content\/uploads\/2022\/12\/AT_5340-HDR-1024x682.jpg 1024w, https:\/\/marezige.si\/wp-content\/uploads\/2022\/12\/AT_5340-HDR-300x200.jpg 300w, https:\/\/marezige.si\/wp-content\/uploads\/2022\/12\/AT_5340-HDR-768x512.jpg 768w, https:\/\/marezige.si\/wp-content\/uploads\/2022\/12\/AT_5340-HDR-18x12.jpg 18w, https:\/\/marezige.si\/wp-content\/uploads\/2022\/12\/AT_5340-HDR-600x400.jpg 600w, https:\/\/marezige.si\/wp-content\/uploads\/2022\/12\/AT_5340-HDR.jpg 1336w\" sizes=\"(max-width: 800px) 100vw, 800px\" \/>\t\t\t\t\t\t\t\t<\/a>\n\t\t\t\t\t\t\t\t\t\t\t\t\t<\/div>\n\t\t\t\t<\/div>\n\t\t\t\t\t<\/div>\n\t\t<\/div>\n\t\t\t\t<div class=\"elementor-column elementor-col-50 elementor-inner-column elementor-element elementor-element-4feff5d\" data-id=\"4feff5d\" data-element_type=\"column\">\n\t\t\t<div class=\"elementor-widget-wrap elementor-element-populated\">\n\t\t\t\t\t\t<div class=\"elementor-element elementor-element-3c5cdcd elementor-widget elementor-widget-heading\" data-id=\"3c5cdcd\" data-element_type=\"widget\" data-widget_type=\"heading.default\">\n\t\t\t\t<div class=\"elementor-widget-container\">\n\t\t\t<h3 class=\"elementor-heading-title elementor-size-default\">Wine bus tours<\/h3>\t\t<\/div>\n\t\t\t\t<\/div>\n\t\t\t\t<div class=\"elementor-element elementor-element-91c5779 elementor-widget elementor-widget-text-editor\" data-id=\"91c5779\" data-element_type=\"widget\" data-widget_type=\"text-editor.default\">\n\t\t\t\t<div class=\"elementor-widget-container\">\n\t\t\t\t\t\t\t<p>We have transformed an old American school bus into a famous wine bus. A ride through the Istrian countryside without a roof and good company always guarantees an unforgettable experience.<\/p>\t\t\t\t\t\t<\/div>\n\t\t\t\t<\/div>\n\t\t\t\t<div class=\"elementor-element elementor-element-0e0d7d1 elementor-view-default elementor-widget elementor-widget-icon\" data-id=\"0e0d7d1\" data-element_type=\"widget\" data-widget_type=\"icon.default\">\n\t\t\t\t<div class=\"elementor-widget-container\">\n\t\t\t\t\t<div class=\"elementor-icon-wrapper\">\n\t\t\t<a class=\"elementor-icon\" href=\"https:\/\/marezige.si\/en\/vinski-avtobus\/prijavi-se-na-izlet\/\">\n\t\t\t<i aria-hidden=\"true\" class=\"fas fa-chevron-right\"><\/i>\t\t\t<\/a>\n\t\t<\/div>\n\t\t\t\t<\/div>\n\t\t\t\t<\/div>\n\t\t\t\t\t<\/div>\n\t\t<\/div>\n\t\t\t\t\t<\/div>\n\t\t<\/section>\n\t\t\t\t\t<\/div>\n\t\t<\/div>\n\t\t\t\t\t<\/div>\n\t\t<\/section>\n\t\t\t\t<\/div>","protected":false},"excerpt":{"rendered":"<p>De\u017eela Refo\u0161ka Ko se na poti s celine pribli\u017eujemo obali slovenskega morja, nas pod sivo, trdo in prepihano kra\u0161ko steno pozdravijo son\u010dna pobo\u010dja \u0161avrinskih hribov in slemen, posajenih z vinsko [&hellip;]<\/p>","protected":false},"author":1,"featured_media":0,"parent":24,"menu_order":0,"comment_status":"closed","ping_status":"closed","template":"","meta":{"inline_featured_image":false,"footnotes":""},"class_list":["post-296","page","type-page","status-publish","hentry"],"aioseo_notices":[],"_links":{"self":[{"href":"https:\/\/marezige.si\/en\/wp-json\/wp\/v2\/pages\/296","targetHints":{"allow":["GET"]}}],"collection":[{"href":"https:\/\/marezige.si\/en\/wp-json\/wp\/v2\/pages"}],"about":[{"href":"https:\/\/marezige.si\/en\/wp-json\/wp\/v2\/types\/page"}],"author":[{"embeddable":true,"href":"https:\/\/marezige.si\/en\/wp-json\/wp\/v2\/users\/1"}],"replies":[{"embeddable":true,"href":"https:\/\/marezige.si\/en\/wp-json\/wp\/v2\/comments?post=296"}],"version-history":[{"count":49,"href":"https:\/\/marezige.si\/en\/wp-json\/wp\/v2\/pages\/296\/revisions"}],"predecessor-version":[{"id":3812,"href":"https:\/\/marezige.si\/en\/wp-json\/wp\/v2\/pages\/296\/revisions\/3812"}],"up":[{"embeddable":true,"href":"https:\/\/marezige.si\/en\/wp-json\/wp\/v2\/pages\/24"}],"wp:attachment":[{"href":"https:\/\/marezige.si\/en\/wp-json\/wp\/v2\/media?parent=296"}],"curies":[{"name":"wp","href":"https:\/\/api.w.org\/{rel}","templated":true}]}}