{"id":298,"date":"2022-12-06T10:07:04","date_gmt":"2022-12-06T09:07:04","guid":{"rendered":"https:\/\/marezige.click.si\/?page_id=298"},"modified":"2022-12-19T15:35:43","modified_gmt":"2022-12-19T14:35:43","slug":"foto-tocka","status":"publish","type":"page","link":"https:\/\/marezige.si\/en\/o-marezigah\/foto-tocka\/","title":{"rendered":"Photo Spot"},"content":{"rendered":"<div data-elementor-type=\"wp-page\" data-elementor-id=\"298\" class=\"elementor elementor-298\" data-elementor-post-type=\"page\">\n\t\t\t\t\t\t<section class=\"elementor-section elementor-top-section elementor-element elementor-element-f934918 elementor-section-boxed elementor-section-height-default elementor-section-height-default\" data-id=\"f934918\" data-element_type=\"section\">\n\t\t\t\t\t\t<div class=\"elementor-container elementor-column-gap-default\">\n\t\t\t\t\t<div class=\"elementor-column elementor-col-100 elementor-top-column elementor-element elementor-element-23c9646\" data-id=\"23c9646\" data-element_type=\"column\">\n\t\t\t<div class=\"elementor-widget-wrap elementor-element-populated\">\n\t\t\t\t\t\t<div class=\"elementor-element elementor-element-be4df60 elementor-widget elementor-widget-heading\" data-id=\"be4df60\" data-element_type=\"widget\" data-widget_type=\"heading.default\">\n\t\t\t\t<div class=\"elementor-widget-container\">\n\t\t\t<style>\/*! elementor - v3.21.0 - 08-05-2024 *\/\n.elementor-heading-title{padding:0;margin:0;line-height:1}.elementor-widget-heading .elementor-heading-title[class*=elementor-size-]>a{color:inherit;font-size:inherit;line-height:inherit}.elementor-widget-heading .elementor-heading-title.elementor-size-small{font-size:15px}.elementor-widget-heading .elementor-heading-title.elementor-size-medium{font-size:19px}.elementor-widget-heading .elementor-heading-title.elementor-size-large{font-size:29px}.elementor-widget-heading .elementor-heading-title.elementor-size-xl{font-size:39px}.elementor-widget-heading .elementor-heading-title.elementor-size-xxl{font-size:59px}<\/style><h1 class=\"elementor-heading-title elementor-size-default\">Photo Spot<\/h1>\t\t<\/div>\n\t\t\t\t<\/div>\n\t\t\t\t<div class=\"elementor-element elementor-element-9587206 elementor-widget elementor-widget-text-editor\" data-id=\"9587206\" data-element_type=\"widget\" data-widget_type=\"text-editor.default\">\n\t\t\t\t<div class=\"elementor-widget-container\">\n\t\t\t<style>\/*! elementor - v3.21.0 - 08-05-2024 *\/\n.elementor-widget-text-editor.elementor-drop-cap-view-stacked .elementor-drop-cap{background-color:#69727d;color:#fff}.elementor-widget-text-editor.elementor-drop-cap-view-framed .elementor-drop-cap{color:#69727d;border:3px solid;background-color:transparent}.elementor-widget-text-editor:not(.elementor-drop-cap-view-default) .elementor-drop-cap{margin-top:8px}.elementor-widget-text-editor:not(.elementor-drop-cap-view-default) .elementor-drop-cap-letter{width:1em;height:1em}.elementor-widget-text-editor .elementor-drop-cap{float:left;text-align:center;line-height:1;font-size:50px}.elementor-widget-text-editor .elementor-drop-cap-letter{display:inline-block}<\/style>\t\t\t\t<p>The sculpture of wine glasses was installed on the viewing platform in Marezigah in April 2022. It was created over the course of about a year as part of a project carried out by the House of New Technologies, led by Mr. Miro Rozman.<\/p><p>However, the unique project dates back to 2019, when it was just a university seminar project.<\/p>\t\t\t\t\t\t<\/div>\n\t\t\t\t<\/div>\n\t\t\t\t\t<\/div>\n\t\t<\/div>\n\t\t\t\t\t<\/div>\n\t\t<\/section>\n\t\t\t\t<section class=\"elementor-section elementor-top-section elementor-element elementor-element-9c413ae elementor-section-height-min-height elementor-section-boxed elementor-section-height-default elementor-section-items-middle\" data-id=\"9c413ae\" data-element_type=\"section\" data-settings=\"{&quot;background_background&quot;:&quot;classic&quot;}\">\n\t\t\t\t\t\t<div class=\"elementor-container elementor-column-gap-default\">\n\t\t\t\t\t<div class=\"elementor-column elementor-col-100 elementor-top-column elementor-element elementor-element-a966cd4\" data-id=\"a966cd4\" data-element_type=\"column\">\n\t\t\t<div class=\"elementor-widget-wrap\">\n\t\t\t\t\t\t\t<\/div>\n\t\t<\/div>\n\t\t\t\t\t<\/div>\n\t\t<\/section>\n\t\t\t\t<section class=\"elementor-section elementor-top-section elementor-element elementor-element-1f435b7 elementor-section-boxed elementor-section-height-default elementor-section-height-default\" data-id=\"1f435b7\" data-element_type=\"section\">\n\t\t\t\t\t\t<div class=\"elementor-container elementor-column-gap-default\">\n\t\t\t\t\t<div class=\"elementor-column elementor-col-100 elementor-top-column elementor-element elementor-element-7010b7e\" data-id=\"7010b7e\" data-element_type=\"column\">\n\t\t\t<div class=\"elementor-widget-wrap elementor-element-populated\">\n\t\t\t\t\t\t<div class=\"elementor-element elementor-element-1e7bcd8 elementor-widget elementor-widget-text-editor\" data-id=\"1e7bcd8\" data-element_type=\"widget\" data-widget_type=\"text-editor.default\">\n\t\t\t\t<div class=\"elementor-widget-container\">\n\t\t\t\t\t\t\t<p>The idea for the sculpture of wine glasses was conceived during a startup weekend hosted by the University of Primorska, Faculty of Tourism Studies - Turistica. The event took place in October 2019 as part of the activities of the RR program \"UP FT\u0160 sTOUdio Turistica.\" The mission of the program is to promote student collaboration on development projects with a focus on analytics, consulting, innovation, and practical work in the economy, through which they develop competencies under the supervision of experts from practice and pedagogical and research collaborators.\u00a0<\/p><p>The idea was initially developed by students of UP FT\u0160 Turistica, including Ajda Medve\u0161\u010dek, Marcel Vi\u0161ner, and Jaka Godej\u0161a, who further developed it during the 2019\/20 academic year under the guidance of numerous experts. The sculpture of two wine glasses takes into account the local identity of the place and addresses the winemakers of Slovenian Istria, who year after year produce excellent wine, primarily of the Refosco and Malvasia varieties, which is reflected in the color of the glasses, which glow at night in characteristic red and yellow light.\u00a0<\/p><p>The students wanted to create a gathering spot where you can also enjoy the fruits of the winemakers' year-round work with the most beautiful view in Slovenian Istria.\u00a0<\/p>\t\t\t\t\t\t<\/div>\n\t\t\t\t<\/div>\n\t\t\t\t\t<\/div>\n\t\t<\/div>\n\t\t\t\t\t<\/div>\n\t\t<\/section>\n\t\t\t\t<section class=\"elementor-section elementor-top-section elementor-element elementor-element-8fbd8b6 elementor-section-boxed elementor-section-height-default elementor-section-height-default\" data-id=\"8fbd8b6\" data-element_type=\"section\">\n\t\t\t\t\t\t<div class=\"elementor-container elementor-column-gap-default\">\n\t\t\t\t\t<div class=\"elementor-column elementor-col-50 elementor-top-column elementor-element elementor-element-9dc3961\" data-id=\"9dc3961\" data-element_type=\"column\">\n\t\t\t<div class=\"elementor-widget-wrap elementor-element-populated\">\n\t\t\t\t\t\t<div class=\"elementor-element elementor-element-a4892ac elementor-widget elementor-widget-image\" data-id=\"a4892ac\" data-element_type=\"widget\" data-settings=\"{&quot;motion_fx_motion_fx_mouse&quot;:&quot;yes&quot;,&quot;motion_fx_tilt_effect&quot;:&quot;yes&quot;,&quot;motion_fx_tilt_direction&quot;:&quot;negative&quot;,&quot;motion_fx_tilt_speed&quot;:{&quot;unit&quot;:&quot;px&quot;,&quot;size&quot;:0.8,&quot;sizes&quot;:[]}}\" data-widget_type=\"image.default\">\n\t\t\t\t<div class=\"elementor-widget-container\">\n\t\t\t<style>\/*! elementor - v3.21.0 - 08-05-2024 *\/\n.elementor-widget-image{text-align:center}.elementor-widget-image a{display:inline-block}.elementor-widget-image a img[src$=\".svg\"]{width:48px}.elementor-widget-image img{vertical-align:middle;display:inline-block}<\/style>\t\t\t\t\t\t\t\t\t\t<img fetchpriority=\"high\" decoding=\"async\" width=\"800\" height=\"450\" src=\"https:\/\/marezige.si\/wp-content\/uploads\/2022\/12\/koncna-zascita-Deks-D2-1024x576.jpg\" class=\"attachment-large size-large wp-image-362\" alt=\"\" srcset=\"https:\/\/marezige.si\/wp-content\/uploads\/2022\/12\/koncna-zascita-Deks-D2-1024x576.jpg 1024w, https:\/\/marezige.si\/wp-content\/uploads\/2022\/12\/koncna-zascita-Deks-D2-300x169.jpg 300w, https:\/\/marezige.si\/wp-content\/uploads\/2022\/12\/koncna-zascita-Deks-D2-768x432.jpg 768w, https:\/\/marezige.si\/wp-content\/uploads\/2022\/12\/koncna-zascita-Deks-D2-1536x864.jpg 1536w, https:\/\/marezige.si\/wp-content\/uploads\/2022\/12\/koncna-zascita-Deks-D2-18x10.jpg 18w, https:\/\/marezige.si\/wp-content\/uploads\/2022\/12\/koncna-zascita-Deks-D2-1320x742.jpg 1320w, https:\/\/marezige.si\/wp-content\/uploads\/2022\/12\/koncna-zascita-Deks-D2-600x337.jpg 600w, https:\/\/marezige.si\/wp-content\/uploads\/2022\/12\/koncna-zascita-Deks-D2.jpg 1565w\" sizes=\"(max-width: 800px) 100vw, 800px\" \/>\t\t\t\t\t\t\t\t\t\t\t\t\t<\/div>\n\t\t\t\t<\/div>\n\t\t\t\t\t<\/div>\n\t\t<\/div>\n\t\t\t\t<div class=\"elementor-column elementor-col-50 elementor-top-column elementor-element elementor-element-5d37fa5\" data-id=\"5d37fa5\" data-element_type=\"column\">\n\t\t\t<div class=\"elementor-widget-wrap elementor-element-populated\">\n\t\t\t\t\t\t<div class=\"elementor-element elementor-element-9cfb521 elementor-widget elementor-widget-image\" data-id=\"9cfb521\" data-element_type=\"widget\" data-settings=\"{&quot;motion_fx_motion_fx_mouse&quot;:&quot;yes&quot;,&quot;motion_fx_tilt_effect&quot;:&quot;yes&quot;,&quot;motion_fx_tilt_direction&quot;:&quot;negative&quot;,&quot;motion_fx_tilt_speed&quot;:{&quot;unit&quot;:&quot;px&quot;,&quot;size&quot;:0.8,&quot;sizes&quot;:[]}}\" data-widget_type=\"image.default\">\n\t\t\t\t<div class=\"elementor-widget-container\">\n\t\t\t\t\t\t\t\t\t\t\t\t\t<img decoding=\"async\" width=\"800\" height=\"450\" src=\"https:\/\/marezige.si\/wp-content\/uploads\/2022\/12\/finalna-obdelava-1024x576.jpg\" class=\"attachment-large size-large wp-image-363\" alt=\"\" srcset=\"https:\/\/marezige.si\/wp-content\/uploads\/2022\/12\/finalna-obdelava-1024x576.jpg 1024w, https:\/\/marezige.si\/wp-content\/uploads\/2022\/12\/finalna-obdelava-300x169.jpg 300w, https:\/\/marezige.si\/wp-content\/uploads\/2022\/12\/finalna-obdelava-768x432.jpg 768w, https:\/\/marezige.si\/wp-content\/uploads\/2022\/12\/finalna-obdelava-1536x864.jpg 1536w, https:\/\/marezige.si\/wp-content\/uploads\/2022\/12\/finalna-obdelava-18x10.jpg 18w, https:\/\/marezige.si\/wp-content\/uploads\/2022\/12\/finalna-obdelava-1320x742.jpg 1320w, https:\/\/marezige.si\/wp-content\/uploads\/2022\/12\/finalna-obdelava-600x337.jpg 600w, https:\/\/marezige.si\/wp-content\/uploads\/2022\/12\/finalna-obdelava.jpg 1565w\" sizes=\"(max-width: 800px) 100vw, 800px\" \/>\t\t\t\t\t\t\t\t\t\t\t\t\t<\/div>\n\t\t\t\t<\/div>\n\t\t\t\t\t<\/div>\n\t\t<\/div>\n\t\t\t\t\t<\/div>\n\t\t<\/section>\n\t\t\t\t<\/div>","protected":false},"excerpt":{"rendered":"<p>Foto to\u010dka Skulptura vinskih kozarcev je bila na razgledno plo\u0161\u010dad v Marezigah postavljena aprila 2022. Po tem, ko je bila v izdelavi pribli\u017eno leto dni v sklopu projekta, ki ga [&hellip;]<\/p>","protected":false},"author":1,"featured_media":0,"parent":24,"menu_order":0,"comment_status":"closed","ping_status":"closed","template":"","meta":{"inline_featured_image":false,"footnotes":""},"class_list":["post-298","page","type-page","status-publish","hentry"],"aioseo_notices":[],"_links":{"self":[{"href":"https:\/\/marezige.si\/en\/wp-json\/wp\/v2\/pages\/298","targetHints":{"allow":["GET"]}}],"collection":[{"href":"https:\/\/marezige.si\/en\/wp-json\/wp\/v2\/pages"}],"about":[{"href":"https:\/\/marezige.si\/en\/wp-json\/wp\/v2\/types\/page"}],"author":[{"embeddable":true,"href":"https:\/\/marezige.si\/en\/wp-json\/wp\/v2\/users\/1"}],"replies":[{"embeddable":true,"href":"https:\/\/marezige.si\/en\/wp-json\/wp\/v2\/comments?post=298"}],"version-history":[{"count":7,"href":"https:\/\/marezige.si\/en\/wp-json\/wp\/v2\/pages\/298\/revisions"}],"predecessor-version":[{"id":2581,"href":"https:\/\/marezige.si\/en\/wp-json\/wp\/v2\/pages\/298\/revisions\/2581"}],"up":[{"embeddable":true,"href":"https:\/\/marezige.si\/en\/wp-json\/wp\/v2\/pages\/24"}],"wp:attachment":[{"href":"https:\/\/marezige.si\/en\/wp-json\/wp\/v2\/media?parent=298"}],"curies":[{"name":"wp","href":"https:\/\/api.w.org\/{rel}","templated":true}]}}