{"id":8,"date":"2022-11-30T10:39:56","date_gmt":"2022-11-30T09:39:56","guid":{"rendered":"https:\/\/marezige.click.si\/?page_id=8"},"modified":"2022-12-19T10:48:48","modified_gmt":"2022-12-19T09:48:48","slug":"kosarica","status":"publish","type":"page","link":"https:\/\/marezige.si\/en\/kosarica\/","title":{"rendered":"Cart"},"content":{"rendered":"<div data-elementor-type=\"wp-page\" data-elementor-id=\"8\" class=\"elementor elementor-8\" data-elementor-post-type=\"page\">\n\t\t\t\t\t\t<section class=\"elementor-section elementor-top-section elementor-element elementor-element-713eac83 elementor-section-boxed elementor-section-height-default elementor-section-height-default\" data-id=\"713eac83\" data-element_type=\"section\">\n\t\t\t\t\t\t<div class=\"elementor-container elementor-column-gap-default\">\n\t\t\t\t\t<div class=\"elementor-column elementor-col-100 elementor-top-column elementor-element elementor-element-76abb1f9\" data-id=\"76abb1f9\" data-element_type=\"column\">\n\t\t\t<div class=\"elementor-widget-wrap elementor-element-populated\">\n\t\t\t\t\t\t<div class=\"elementor-element elementor-element-1e90d2f elementor-widget elementor-widget-heading\" data-id=\"1e90d2f\" data-element_type=\"widget\" data-widget_type=\"heading.default\">\n\t\t\t\t<div class=\"elementor-widget-container\">\n\t\t\t<style>\/*! elementor - v3.21.0 - 08-05-2024 *\/\n.elementor-heading-title{padding:0;margin:0;line-height:1}.elementor-widget-heading .elementor-heading-title[class*=elementor-size-]>a{color:inherit;font-size:inherit;line-height:inherit}.elementor-widget-heading .elementor-heading-title.elementor-size-small{font-size:15px}.elementor-widget-heading .elementor-heading-title.elementor-size-medium{font-size:19px}.elementor-widget-heading .elementor-heading-title.elementor-size-large{font-size:29px}.elementor-widget-heading .elementor-heading-title.elementor-size-xl{font-size:39px}.elementor-widget-heading .elementor-heading-title.elementor-size-xxl{font-size:59px}<\/style><h1 class=\"elementor-heading-title elementor-size-default\">Cart<\/h1>\t\t<\/div>\n\t\t\t\t<\/div>\n\t\t\t\t<div class=\"elementor-element elementor-element-e6d29b8 e-cart-empty-template-active e-cart-layout-two-column elementor-widget elementor-widget-woocommerce-cart\" data-id=\"e6d29b8\" data-element_type=\"widget\" data-settings=\"{&quot;update_cart_automatically&quot;:&quot;yes&quot;,&quot;additional_template_select&quot;:&quot;2465&quot;}\" data-widget_type=\"woocommerce-cart.default\">\n\t\t\t\t<div class=\"elementor-widget-container\">\n\t\t\t<link rel=\"stylesheet\" href=\"https:\/\/marezige.si\/wp-content\/plugins\/elementor-pro\/assets\/css\/widget-woocommerce.min.css\">\t\t<div data-elementor-type=\"page\" data-elementor-id=\"2465\" class=\"elementor elementor-2465\" data-elementor-post-type=\"elementor_library\">\n\t\t\t\t\t\t<section class=\"elementor-section elementor-top-section elementor-element elementor-element-6f3eb56 elementor-section-boxed elementor-section-height-default elementor-section-height-default\" data-id=\"6f3eb56\" data-element_type=\"section\">\n\t\t\t\t\t\t<div class=\"elementor-container elementor-column-gap-default\">\n\t\t\t\t\t<div class=\"elementor-column elementor-col-100 elementor-top-column elementor-element elementor-element-5c81582\" data-id=\"5c81582\" data-element_type=\"column\">\n\t\t\t<div class=\"elementor-widget-wrap elementor-element-populated\">\n\t\t\t\t\t\t<div class=\"elementor-element elementor-element-5124acf elementor-widget elementor-widget-heading\" data-id=\"5124acf\" data-element_type=\"widget\" data-widget_type=\"heading.default\">\n\t\t\t\t<div class=\"elementor-widget-container\">\n\t\t\t<h1 class=\"elementor-heading-title elementor-size-default\">Va\u0161a ko\u0161arica je prazna<\/h1>\t\t<\/div>\n\t\t\t\t<\/div>\n\t\t\t\t<div class=\"elementor-element elementor-element-0bf221d elementor-widget elementor-widget-text-editor\" data-id=\"0bf221d\" data-element_type=\"widget\" data-widget_type=\"text-editor.default\">\n\t\t\t\t<div class=\"elementor-widget-container\">\n\t\t\t<style>\/*! elementor - v3.21.0 - 08-05-2024 *\/\n.elementor-widget-text-editor.elementor-drop-cap-view-stacked .elementor-drop-cap{background-color:#69727d;color:#fff}.elementor-widget-text-editor.elementor-drop-cap-view-framed .elementor-drop-cap{color:#69727d;border:3px solid;background-color:transparent}.elementor-widget-text-editor:not(.elementor-drop-cap-view-default) .elementor-drop-cap{margin-top:8px}.elementor-widget-text-editor:not(.elementor-drop-cap-view-default) .elementor-drop-cap-letter{width:1em;height:1em}.elementor-widget-text-editor .elementor-drop-cap{float:left;text-align:center;line-height:1;font-size:50px}.elementor-widget-text-editor .elementor-drop-cap-letter{display:inline-block}<\/style>\t\t\t\t<p>Vrnite se v spletno trgovino in izberite izdelke, ki jih \u017eelite kupiti ali rezervirajte do\u017eivetje oz. izlet z vinskim avtobusom.<\/p>\t\t\t\t\t\t<\/div>\n\t\t\t\t<\/div>\n\t\t\t\t<div class=\"elementor-element elementor-element-ba43800 elementor-widget__width-auto elementor-widget elementor-widget-html\" data-id=\"ba43800\" data-element_type=\"widget\" data-widget_type=\"html.default\">\n\t\t\t\t<div class=\"elementor-widget-container\">\n\t\t\t<div class=\"wrapper\">\n    <a class=\"button rdeca\" href=\"\/en\/trgovina\/\">Online Shop<\/a>\n<\/div>\n\n<svg style=\"visibility: hidden; position: absolute;\" width=\"0\" height=\"0\" xmlns=\"http:\/\/www.w3.org\/2000\/svg\" version=\"1.1\">\n    <defs>\n        <filter id=\"goo\"><fegaussianblur in=\"SourceGraphic\" stddeviation=\"10\" result=\"blur\" \/>    \n            <fecolormatrix in=\"blur\" mode=\"matrix\" values=\"1 0 0 0 0  0 1 0 0 0  0 0 1 0 0  0 0 0 19 -9\" result=\"goo\" \/>\n            <fecomposite in=\"SourceGraphic\" in2=\"goo\" operator=\"atop\"\/>\n        <\/filter>\n    <\/defs>\n<\/svg>\t\t<\/div>\n\t\t\t\t<\/div>\n\t\t\t\t<div class=\"elementor-element elementor-element-d7bfd88 elementor-widget__width-auto elementor-widget elementor-widget-html\" data-id=\"d7bfd88\" data-element_type=\"widget\" data-widget_type=\"html.default\">\n\t\t\t\t<div class=\"elementor-widget-container\">\n\t\t\t<div class=\"wrapper\">\n    <a class=\"button rdeca\" href=\"\/en\/dozivetja\/\">Experiences<\/a>\n<\/div>\n\n\t\t<\/div>\n\t\t\t\t<\/div>\n\t\t\t\t<div class=\"elementor-element elementor-element-0360f8a elementor-widget__width-auto elementor-widget elementor-widget-html\" data-id=\"0360f8a\" data-element_type=\"widget\" data-widget_type=\"html.default\">\n\t\t\t\t<div class=\"elementor-widget-container\">\n\t\t\t<div class=\"wrapper\">\n    <a class=\"button rdeca\" href=\"https:\/\/marezige.si\/en\/vinski-avtobus\/\">vinski avtobus<\/a>\n<\/div>\n\t\t<\/div>\n\t\t\t\t<\/div>\n\t\t\t\t<div class=\"elementor-element elementor-element-1793660 elementor-widget elementor-widget-spacer\" data-id=\"1793660\" data-element_type=\"widget\" data-widget_type=\"spacer.default\">\n\t\t\t\t<div class=\"elementor-widget-container\">\n\t\t\t<style>\/*! elementor - v3.21.0 - 08-05-2024 *\/\n.elementor-column .elementor-spacer-inner{height:var(--spacer-size)}.e-con{--container-widget-width:100%}.e-con-inner>.elementor-widget-spacer,.e-con>.elementor-widget-spacer{width:var(--container-widget-width,var(--spacer-size));--align-self:var(--container-widget-align-self,initial);--flex-shrink:0}.e-con-inner>.elementor-widget-spacer>.elementor-widget-container,.e-con>.elementor-widget-spacer>.elementor-widget-container{height:100%;width:100%}.e-con-inner>.elementor-widget-spacer>.elementor-widget-container>.elementor-spacer,.e-con>.elementor-widget-spacer>.elementor-widget-container>.elementor-spacer{height:100%}.e-con-inner>.elementor-widget-spacer>.elementor-widget-container>.elementor-spacer>.elementor-spacer-inner,.e-con>.elementor-widget-spacer>.elementor-widget-container>.elementor-spacer>.elementor-spacer-inner{height:var(--container-widget-height,var(--spacer-size))}.e-con-inner>.elementor-widget-spacer.elementor-widget-empty,.e-con>.elementor-widget-spacer.elementor-widget-empty{position:relative;min-height:22px;min-width:22px}.e-con-inner>.elementor-widget-spacer.elementor-widget-empty .elementor-widget-empty-icon,.e-con>.elementor-widget-spacer.elementor-widget-empty .elementor-widget-empty-icon{position:absolute;top:0;bottom:0;left:0;right:0;margin:auto;padding:0;width:22px;height:22px}<\/style>\t\t<div class=\"elementor-spacer\">\n\t\t\t<div class=\"elementor-spacer-inner\"><\/div>\n\t\t<\/div>\n\t\t\t\t<\/div>\n\t\t\t\t<\/div>\n\t\t\t\t<div class=\"elementor-element elementor-element-7f4751f heart-icon elementor-widget elementor-widget-image\" data-id=\"7f4751f\" data-element_type=\"widget\" data-widget_type=\"image.default\">\n\t\t\t\t<div class=\"elementor-widget-container\">\n\t\t\t<style>\/*! elementor - v3.21.0 - 08-05-2024 *\/\n.elementor-widget-image{text-align:center}.elementor-widget-image a{display:inline-block}.elementor-widget-image a img[src$=\".svg\"]{width:48px}.elementor-widget-image img{vertical-align:middle;display:inline-block}<\/style>\t\t\t\t\t\t\t\t\t\t\t<a href=\"https:\/\/marezige.si\/en\/\">\n\t\t\t\t\t\t\t<img fetchpriority=\"high\" decoding=\"async\" width=\"800\" height=\"800\" src=\"https:\/\/marezige.si\/wp-content\/uploads\/2022\/11\/logo_MAREZIGE_colour.svg\" class=\"attachment-large size-large wp-image-12\" alt=\"\" \/>\t\t\t\t\t\t\t\t<\/a>\n\t\t\t\t\t\t\t\t\t\t\t\t\t<\/div>\n\t\t\t\t<\/div>\n\t\t\t\t\t<\/div>\n\t\t<\/div>\n\t\t\t\t\t<\/div>\n\t\t<\/section>\n\t\t\t\t<\/div>\n\t\t\t\t<\/div>\n\t\t\t\t<\/div>\n\t\t\t\t\t<\/div>\n\t\t<\/div>\n\t\t\t\t\t<\/div>\n\t\t<\/section>\n\t\t\t\t<\/div>","protected":false},"excerpt":{"rendered":"<p>Ko\u0161arica Odstrani predmet Thumbnail image Izdelek Cena Koli\u010dina Delni znesek &times; Vinska klet Vilij Br\u017ean Datum obiska: 19. 12. 2022 \u0160tevilo odraslih: 2 x 35,00&nbsp;&euro; 70,00&nbsp;&euro; Vinska klet Vilij Br\u017ean [&hellip;]<\/p>","protected":false},"author":1,"featured_media":0,"parent":0,"menu_order":0,"comment_status":"closed","ping_status":"closed","template":"","meta":{"inline_featured_image":false,"footnotes":""},"class_list":["post-8","page","type-page","status-publish","hentry"],"aioseo_notices":[],"_links":{"self":[{"href":"https:\/\/marezige.si\/en\/wp-json\/wp\/v2\/pages\/8","targetHints":{"allow":["GET"]}}],"collection":[{"href":"https:\/\/marezige.si\/en\/wp-json\/wp\/v2\/pages"}],"about":[{"href":"https:\/\/marezige.si\/en\/wp-json\/wp\/v2\/types\/page"}],"author":[{"embeddable":true,"href":"https:\/\/marezige.si\/en\/wp-json\/wp\/v2\/users\/1"}],"replies":[{"embeddable":true,"href":"https:\/\/marezige.si\/en\/wp-json\/wp\/v2\/comments?post=8"}],"version-history":[{"count":3,"href":"https:\/\/marezige.si\/en\/wp-json\/wp\/v2\/pages\/8\/revisions"}],"predecessor-version":[{"id":2471,"href":"https:\/\/marezige.si\/en\/wp-json\/wp\/v2\/pages\/8\/revisions\/2471"}],"wp:attachment":[{"href":"https:\/\/marezige.si\/en\/wp-json\/wp\/v2\/media?parent=8"}],"curies":[{"name":"wp","href":"https:\/\/api.w.org\/{rel}","templated":true}]}}