{"id":2039,"date":"2022-04-26T09:14:34","date_gmt":"2022-04-26T07:14:34","guid":{"rendered":"https:\/\/marezige.click.si\/?post_type=product&#038;p=2039"},"modified":"2023-04-28T10:11:15","modified_gmt":"2023-04-28T08:11:15","slug":"tartufata-s-crnimi-tartufi-90-g","status":"publish","type":"product","link":"https:\/\/marezige.si\/en\/trgovina\/izdelki-s-tartufi\/tartufata-s-crnimi-tartufi-90-g\/","title":{"rendered":"Tartufata with black truffles, 90 g"},"content":{"rendered":"<p>V majhni vasici v slovenski Istri se je doma\u010din Zdenko \u017ee od nekdaj navdu\u0161eval nad tartufi, zato se je odlo\u010dil postati lovec na tartufe. Odprl je blagovno znamko\u00a0Zdenko Tartufi\u00a0v sklopu katere ponuja ne samo tartufov, temve\u010d tudi razne izdelke s tartufi: namaz (tartufata) z belimi in \u010drnimi tartufi, olje, med, sir in salamo s tartufi.<\/p>","protected":false},"excerpt":{"rendered":"<p>V majhni vasici v slovenski Istri se je doma\u010din Zdenko \u017ee od nekdaj navdu\u0161eval nad tartufi, zato se je odlo\u010dil postati lovec na tartufe. Odprl je blagovno znamko\u00a0Zdenko Tartufi\u00a0v sklopu [&hellip;]<\/p>","protected":false},"featured_media":3437,"template":"","meta":{"inline_featured_image":false},"product_cat":[32],"product_tag":[],"class_list":{"0":"post-2039","1":"product","2":"type-product","3":"status-publish","4":"has-post-thumbnail","6":"product_cat-izdelki-s-tartufi","8":"first","9":"instock","10":"sold-individually","11":"shipping-taxable","12":"purchasable","13":"product-type-simple"},"aioseo_notices":[],"_links":{"self":[{"href":"https:\/\/marezige.si\/en\/wp-json\/wp\/v2\/product\/2039","targetHints":{"allow":["GET"]}}],"collection":[{"href":"https:\/\/marezige.si\/en\/wp-json\/wp\/v2\/product"}],"about":[{"href":"https:\/\/marezige.si\/en\/wp-json\/wp\/v2\/types\/product"}],"wp:featuredmedia":[{"embeddable":true,"href":"https:\/\/marezige.si\/en\/wp-json\/wp\/v2\/media\/3437"}],"wp:attachment":[{"href":"https:\/\/marezige.si\/en\/wp-json\/wp\/v2\/media?parent=2039"}],"wp:term":[{"taxonomy":"product_cat","embeddable":true,"href":"https:\/\/marezige.si\/en\/wp-json\/wp\/v2\/product_cat?post=2039"},{"taxonomy":"product_tag","embeddable":true,"href":"https:\/\/marezige.si\/en\/wp-json\/wp\/v2\/product_tag?post=2039"}],"curies":[{"name":"wp","href":"https:\/\/api.w.org\/{rel}","templated":true}]}}