{"id":3306,"date":"2023-04-11T12:20:19","date_gmt":"2023-04-11T10:20:19","guid":{"rendered":"https:\/\/marezige.click.si\/?post_type=product&#038;p=3306"},"modified":"2025-02-04T11:52:46","modified_gmt":"2025-02-04T10:52:46","slug":"malvazijin-sok-korenika-moskon-1l","status":"publish","type":"product","link":"https:\/\/marezige.si\/en\/trgovina\/pijaca-in-likerji\/malvazijin-sok-korenika-moskon-1l\/","title":{"rendered":"Malvazijin sok &#8211; Korenika &#038; Mo\u0161kon"},"content":{"rendered":"<p><span data-sheets-root=\"1\">Doma\u010di malvazijin sok, ki ga proizvaja kmetija Korenika in Mo\u0161kon. Koli\u010dina je 1 liter.<\/span><\/p>","protected":false},"excerpt":{"rendered":"<p>Doma\u010di malvazijin sok, ki ga proizvaja kmetija Korenika in Mo\u0161kon. Koli\u010dina je 1 liter.<\/p>","protected":false},"featured_media":0,"template":"","meta":{"inline_featured_image":false},"product_cat":[69],"product_tag":[],"class_list":{"0":"post-3306","1":"product","2":"type-product","3":"status-publish","5":"product_cat-pijaca-in-likerji","7":"first","8":"instock","9":"sold-individually","10":"shipping-taxable","11":"purchasable","12":"product-type-simple"},"aioseo_notices":[],"_links":{"self":[{"href":"https:\/\/marezige.si\/en\/wp-json\/wp\/v2\/product\/3306","targetHints":{"allow":["GET"]}}],"collection":[{"href":"https:\/\/marezige.si\/en\/wp-json\/wp\/v2\/product"}],"about":[{"href":"https:\/\/marezige.si\/en\/wp-json\/wp\/v2\/types\/product"}],"wp:attachment":[{"href":"https:\/\/marezige.si\/en\/wp-json\/wp\/v2\/media?parent=3306"}],"wp:term":[{"taxonomy":"product_cat","embeddable":true,"href":"https:\/\/marezige.si\/en\/wp-json\/wp\/v2\/product_cat?post=3306"},{"taxonomy":"product_tag","embeddable":true,"href":"https:\/\/marezige.si\/en\/wp-json\/wp\/v2\/product_tag?post=3306"}],"curies":[{"name":"wp","href":"https:\/\/api.w.org\/{rel}","templated":true}]}}