{"id":3309,"date":"2023-04-11T12:23:17","date_gmt":"2023-04-11T10:23:17","guid":{"rendered":"https:\/\/marezige.click.si\/?post_type=product&#038;p=3309"},"modified":"2025-02-04T11:47:47","modified_gmt":"2025-02-04T10:47:47","slug":"gin-z-refoskovim-likerjem-02-l","status":"publish","type":"product","link":"https:\/\/marezige.si\/en\/trgovina\/pijaca-in-likerji\/gin-z-refoskovim-likerjem-02-l\/","title":{"rendered":"Gin z refo\u0161kovim likerjem &#8211; Istrape"},"content":{"rendered":"<p><span data-sheets-root=\"1\">Doma\u010di gin z refo\u0161kovim likerjem, ki ga proizvaja Istrape. Lokalni pridelovalec iz vasi v neposredni bli\u017eini Marezig. Koli\u010dina je 0,2 l.<\/span><\/p>","protected":false},"excerpt":{"rendered":"<p>Doma\u010di gin z refo\u0161kovim likerjem, ki ga proizvaja Istrape. Lokalni pridelovalec iz vasi v neposredni bli\u017eini Marezig. Koli\u010dina je 0,2 l.<\/p>","protected":false},"featured_media":0,"template":"","meta":{"inline_featured_image":false},"product_cat":[69],"product_tag":[],"class_list":{"0":"post-3309","1":"product","2":"type-product","3":"status-publish","5":"product_cat-pijaca-in-likerji","7":"first","8":"instock","9":"sold-individually","10":"shipping-taxable","11":"purchasable","12":"product-type-simple"},"aioseo_notices":[],"_links":{"self":[{"href":"https:\/\/marezige.si\/en\/wp-json\/wp\/v2\/product\/3309","targetHints":{"allow":["GET"]}}],"collection":[{"href":"https:\/\/marezige.si\/en\/wp-json\/wp\/v2\/product"}],"about":[{"href":"https:\/\/marezige.si\/en\/wp-json\/wp\/v2\/types\/product"}],"wp:attachment":[{"href":"https:\/\/marezige.si\/en\/wp-json\/wp\/v2\/media?parent=3309"}],"wp:term":[{"taxonomy":"product_cat","embeddable":true,"href":"https:\/\/marezige.si\/en\/wp-json\/wp\/v2\/product_cat?post=3309"},{"taxonomy":"product_tag","embeddable":true,"href":"https:\/\/marezige.si\/en\/wp-json\/wp\/v2\/product_tag?post=3309"}],"curies":[{"name":"wp","href":"https:\/\/api.w.org\/{rel}","templated":true}]}}