{"id":3314,"date":"2023-04-11T12:26:54","date_gmt":"2023-04-11T10:26:54","guid":{"rendered":"https:\/\/marezige.click.si\/?post_type=product&#038;p=3314"},"modified":"2025-02-04T10:20:54","modified_gmt":"2025-02-04T09:20:54","slug":"panceta","status":"publish","type":"product","link":"https:\/\/marezige.si\/en\/trgovina\/boni\/panceta\/","title":{"rendered":"Vrednostni Bon Marezige 100 \u20ac"},"content":{"rendered":"<p><span data-sheets-root=\"1\">Vrednostni bon v vrednosti 100,00 \u20ac za kori\u0161\u010denje na vseh poslovalnicah v na\u0161i domeni &#8211; Vinska Fontani, Gostilni Karjola, Glamping Wine Paradise, Olj\u010dna Fontana in sla\u0161\u010di\u010darna Refo\u0161koladnica. Ob naro\u010dilu je potrebno dopisati ime obdarjenca, ki \u017eelite, da je omenjen na bonu.<\/span><\/p>","protected":false},"excerpt":{"rendered":"<p>Vrednostni bon v vrednosti 100,00 \u20ac za kori\u0161\u010denje na vseh poslovalnicah v na\u0161i domeni &#8211; Vinska Fontani, Gostilni Karjola, Glamping Wine Paradise, Olj\u010dna Fontana in sla\u0161\u010di\u010darna Refo\u0161koladnica. Ob naro\u010dilu je [&hellip;]<\/p>","protected":false},"featured_media":0,"template":"","meta":{"inline_featured_image":false},"product_cat":[36],"product_tag":[],"class_list":{"0":"post-3314","1":"product","2":"type-product","3":"status-publish","5":"product_cat-boni","7":"first","8":"instock","9":"sold-individually","10":"shipping-taxable","11":"purchasable","12":"product-type-simple"},"aioseo_notices":[],"_links":{"self":[{"href":"https:\/\/marezige.si\/en\/wp-json\/wp\/v2\/product\/3314","targetHints":{"allow":["GET"]}}],"collection":[{"href":"https:\/\/marezige.si\/en\/wp-json\/wp\/v2\/product"}],"about":[{"href":"https:\/\/marezige.si\/en\/wp-json\/wp\/v2\/types\/product"}],"wp:attachment":[{"href":"https:\/\/marezige.si\/en\/wp-json\/wp\/v2\/media?parent=3314"}],"wp:term":[{"taxonomy":"product_cat","embeddable":true,"href":"https:\/\/marezige.si\/en\/wp-json\/wp\/v2\/product_cat?post=3314"},{"taxonomy":"product_tag","embeddable":true,"href":"https:\/\/marezige.si\/en\/wp-json\/wp\/v2\/product_tag?post=3314"}],"curies":[{"name":"wp","href":"https:\/\/api.w.org\/{rel}","templated":true}]}}