{"id":3317,"date":"2023-04-11T12:32:22","date_gmt":"2023-04-11T10:32:22","guid":{"rendered":"https:\/\/marezige.click.si\/?post_type=product&#038;p=3317"},"modified":"2025-02-04T10:15:59","modified_gmt":"2025-02-04T09:15:59","slug":"obesek-kozarca","status":"publish","type":"product","link":"https:\/\/marezige.si\/en\/trgovina\/boni\/obesek-kozarca\/","title":{"rendered":"Darilni bon Deluxe glamping &#8211; Dve no\u010ditve"},"content":{"rendered":"<p><span data-sheets-root=\"1\">Bon za dve no\u010ditvi v deluxe\/ rde\u010di glamping hi\u0161ki. V ceno je vklju\u010den zajtk za dve osebi, uporaba zunanjih javnih bazenov, uporaba zasebne vro\u010de kopeli in uporaba zasebne savne.<\/span><\/p>","protected":false},"excerpt":{"rendered":"<p>Bon za dve no\u010ditvi v deluxe\/ rde\u010di glamping hi\u0161ki. V ceno je vklju\u010den zajtk za dve osebi, uporaba zunanjih javnih bazenov, uporaba zasebne vro\u010de kopeli in uporaba zasebne savne.<\/p>","protected":false},"featured_media":0,"template":"","meta":{"inline_featured_image":false},"product_cat":[36],"product_tag":[],"class_list":{"0":"post-3317","1":"product","2":"type-product","3":"status-publish","5":"product_cat-boni","7":"first","8":"instock","9":"sold-individually","10":"shipping-taxable","11":"purchasable","12":"product-type-simple"},"aioseo_notices":[],"_links":{"self":[{"href":"https:\/\/marezige.si\/en\/wp-json\/wp\/v2\/product\/3317","targetHints":{"allow":["GET"]}}],"collection":[{"href":"https:\/\/marezige.si\/en\/wp-json\/wp\/v2\/product"}],"about":[{"href":"https:\/\/marezige.si\/en\/wp-json\/wp\/v2\/types\/product"}],"wp:attachment":[{"href":"https:\/\/marezige.si\/en\/wp-json\/wp\/v2\/media?parent=3317"}],"wp:term":[{"taxonomy":"product_cat","embeddable":true,"href":"https:\/\/marezige.si\/en\/wp-json\/wp\/v2\/product_cat?post=3317"},{"taxonomy":"product_tag","embeddable":true,"href":"https:\/\/marezige.si\/en\/wp-json\/wp\/v2\/product_tag?post=3317"}],"curies":[{"name":"wp","href":"https:\/\/api.w.org\/{rel}","templated":true}]}}