{"id":3318,"date":"2023-04-11T12:33:22","date_gmt":"2023-04-11T10:33:22","guid":{"rendered":"https:\/\/marezige.click.si\/?post_type=product&#038;p=3318"},"modified":"2025-02-04T10:13:51","modified_gmt":"2025-02-04T09:13:51","slug":"stol-barik","status":"publish","type":"product","link":"https:\/\/marezige.si\/en\/trgovina\/boni\/stol-barik\/","title":{"rendered":"Darilni bon Deluxe glamping &#8211; Ena no\u010ditev"},"content":{"rendered":"<p><span data-sheets-root=\"1\">Bon za no\u010ditev v deluxe\/ rde\u010di glamping hi\u0161ki. V ceno je vklju\u010den zajtk za dve osebi, uporaba zunanjih javnih bazenov, uporaba zasebne vro\u010de kopeli in uporaba zasebne savne.<\/span><\/p>","protected":false},"excerpt":{"rendered":"<p>Bon za no\u010ditev v deluxe\/ rde\u010di glamping hi\u0161ki. V ceno je vklju\u010den zajtk za dve osebi, uporaba zunanjih javnih bazenov, uporaba zasebne vro\u010de kopeli in uporaba zasebne savne.<\/p>","protected":false},"featured_media":0,"template":"","meta":{"inline_featured_image":false},"product_cat":[36],"product_tag":[],"class_list":{"0":"post-3318","1":"product","2":"type-product","3":"status-publish","5":"product_cat-boni","7":"first","8":"instock","9":"sold-individually","10":"shipping-taxable","11":"purchasable","12":"product-type-simple"},"aioseo_notices":[],"_links":{"self":[{"href":"https:\/\/marezige.si\/en\/wp-json\/wp\/v2\/product\/3318","targetHints":{"allow":["GET"]}}],"collection":[{"href":"https:\/\/marezige.si\/en\/wp-json\/wp\/v2\/product"}],"about":[{"href":"https:\/\/marezige.si\/en\/wp-json\/wp\/v2\/types\/product"}],"wp:attachment":[{"href":"https:\/\/marezige.si\/en\/wp-json\/wp\/v2\/media?parent=3318"}],"wp:term":[{"taxonomy":"product_cat","embeddable":true,"href":"https:\/\/marezige.si\/en\/wp-json\/wp\/v2\/product_cat?post=3318"},{"taxonomy":"product_tag","embeddable":true,"href":"https:\/\/marezige.si\/en\/wp-json\/wp\/v2\/product_tag?post=3318"}],"curies":[{"name":"wp","href":"https:\/\/api.w.org\/{rel}","templated":true}]}}