{"id":3817,"date":"2025-02-04T11:50:49","date_gmt":"2025-02-04T10:50:49","guid":{"rendered":"https:\/\/marezige.si\/?post_type=product&#038;p=3817"},"modified":"2025-02-04T11:51:41","modified_gmt":"2025-02-04T10:51:41","slug":"refoskov-sok-red-faiytale","status":"publish","type":"product","link":"https:\/\/marezige.si\/en\/trgovina\/pijaca-in-likerji\/refoskov-sok-red-faiytale\/","title":{"rendered":"Refo\u0161kov sok &#8211; Red Faiytale"},"content":{"rendered":"<p><span data-sheets-root=\"1\">Doma\u010di refo\u0161kov sok, ki ga proizvaja Mare\u017eganski pridelovalec red Fairytale. Koli\u010dina je 1 liter.<\/span><\/p>","protected":false},"excerpt":{"rendered":"<p>Doma\u010di refo\u0161kov sok, ki ga proizvaja Mare\u017eganski pridelovalec red Fairytale. Koli\u010dina je 1 liter.<\/p>","protected":false},"featured_media":0,"template":"","meta":{"inline_featured_image":false},"product_cat":[69],"product_tag":[],"class_list":{"0":"post-3817","1":"product","2":"type-product","3":"status-publish","5":"product_cat-pijaca-in-likerji","7":"first","8":"instock","9":"sold-individually","10":"shipping-taxable","11":"purchasable","12":"product-type-simple"},"aioseo_notices":[],"_links":{"self":[{"href":"https:\/\/marezige.si\/en\/wp-json\/wp\/v2\/product\/3817","targetHints":{"allow":["GET"]}}],"collection":[{"href":"https:\/\/marezige.si\/en\/wp-json\/wp\/v2\/product"}],"about":[{"href":"https:\/\/marezige.si\/en\/wp-json\/wp\/v2\/types\/product"}],"wp:attachment":[{"href":"https:\/\/marezige.si\/en\/wp-json\/wp\/v2\/media?parent=3817"}],"wp:term":[{"taxonomy":"product_cat","embeddable":true,"href":"https:\/\/marezige.si\/en\/wp-json\/wp\/v2\/product_cat?post=3817"},{"taxonomy":"product_tag","embeddable":true,"href":"https:\/\/marezige.si\/en\/wp-json\/wp\/v2\/product_tag?post=3817"}],"curies":[{"name":"wp","href":"https:\/\/api.w.org\/{rel}","templated":true}]}}