{"id":3830,"date":"2025-02-04T13:15:53","date_gmt":"2025-02-04T12:15:53","guid":{"rendered":"https:\/\/marezige.si\/?post_type=product&#038;p=3830"},"modified":"2025-02-04T13:16:19","modified_gmt":"2025-02-04T12:16:19","slug":"oljcno-olje-red-fairytale-cuvee-025-l","status":"publish","type":"product","link":"https:\/\/marezige.si\/en\/trgovina\/oljcna-olja\/oljcno-olje-red-fairytale-cuvee-025-l\/","title":{"rendered":"Olj\u010dno olje Red Fairytale Cuvee 0,25 l"},"content":{"rendered":"<p><span data-sheets-root=\"1\">Ekstra devi\u0161ko olj\u010dno olje znamke Red Fairytale sorte Cuvee. Koli\u010dina je 0,25 l.<\/span><\/p>","protected":false},"excerpt":{"rendered":"<p>Ekstra devi\u0161ko olj\u010dno olje znamke Red Fairytale sorte Cuvee. Koli\u010dina je 0,25 l.<\/p>","protected":false},"featured_media":0,"template":"","meta":{"inline_featured_image":false},"product_cat":[33],"product_tag":[],"class_list":{"0":"post-3830","1":"product","2":"type-product","3":"status-publish","5":"product_cat-oljcna-olja","7":"first","8":"instock","9":"sold-individually","10":"shipping-taxable","11":"purchasable","12":"product-type-simple"},"aioseo_notices":[],"_links":{"self":[{"href":"https:\/\/marezige.si\/en\/wp-json\/wp\/v2\/product\/3830","targetHints":{"allow":["GET"]}}],"collection":[{"href":"https:\/\/marezige.si\/en\/wp-json\/wp\/v2\/product"}],"about":[{"href":"https:\/\/marezige.si\/en\/wp-json\/wp\/v2\/types\/product"}],"wp:attachment":[{"href":"https:\/\/marezige.si\/en\/wp-json\/wp\/v2\/media?parent=3830"}],"wp:term":[{"taxonomy":"product_cat","embeddable":true,"href":"https:\/\/marezige.si\/en\/wp-json\/wp\/v2\/product_cat?post=3830"},{"taxonomy":"product_tag","embeddable":true,"href":"https:\/\/marezige.si\/en\/wp-json\/wp\/v2\/product_tag?post=3830"}],"curies":[{"name":"wp","href":"https:\/\/api.w.org\/{rel}","templated":true}]}}